{"id":2318,"date":"2024-10-22T10:40:55","date_gmt":"2024-10-22T08:40:55","guid":{"rendered":"https:\/\/cdl.dev-shd.fr\/?page_id=2318"},"modified":"2024-10-28T15:58:57","modified_gmt":"2024-10-28T13:58:57","slug":"mentions-legales","status":"publish","type":"page","link":"https:\/\/www.campingcotedeslegendes.com\/nl\/mentions-legales\/","title":{"rendered":"Mentions l\u00e9gales"},"content":{"rendered":"<div class='breakdance'><section class=\"bde-section-2318-100 bde-section\">\n  \n\t\n\n\n\n<div class=\"section-container\"><div class=\"bde-rich-text-2318-101 bde-rich-text breakdance-rich-text-styles\">\n<h2><strong>IDENTIT\u00c9<\/strong><\/h2><p><br \/>Nom du site web : <strong>Camping Camp\u00e9ole des L\u00e9gendes<\/strong><br \/>Adresse : <a href=\"https:\/\/www.campingcotedeslegendes.com\/nl\/\">https:\/\/www.campingcotedeslegendes.com\/<\/a><br \/>Propri\u00e9taire : <strong>Olivier Grosset<\/strong><br \/>Responsable de publication : <strong>Camping Camp\u00e9ole des L\u00e9gendes<\/strong><br \/>Conception et r\u00e9alisation : <strong>Horizon Marketing<\/strong><br \/>Animation : <strong>Camping Camp\u00e9ole des L\u00e9gendes<\/strong><br \/>H\u00e9bergement : <strong>Infomaniak<\/strong><\/p><h2><strong><br \/>PERSONNE MORALE<\/strong><\/h2><p><strong><br \/>EURL, entreprise unipersonnelle \u00e0 responsabilit\u00e9 limit\u00e9e au capital de 7 650,00 euros\u2013 422 730 986 R.C.S. Brest \u2013 KERAVEZAN, 29890 PLOUNEOUR-BRIGNOGAN-PLAGES<\/strong> <strong> \u2013 02 98 83 41 65<\/strong><strong> \u2013 contact@campingcotedeslegendes.com<\/strong><\/p><h2><strong><br \/>CONDITIONS D\u2019UTILISATION<\/strong><\/h2><p><br \/>L\u2019utilisation du pr\u00e9sent site implique l\u2019acceptation pleine et enti\u00e8re des conditions g\u00e9n\u00e9rales d\u2019utilisation d\u00e9crites ci-apr\u00e8s. Ces conditions d\u2019utilisation sont susceptibles d\u2019\u00eatre modifi\u00e9es ou compl\u00e9t\u00e9es \u00e0 tout moment.<\/p><h2><strong><br \/>INFORMATIONS<\/strong><\/h2><p><br \/>Les informations et documents du site sont pr\u00e9sent\u00e9s \u00e0 titre indicatif, sans caract\u00e8re exhaustif, et ne peuvent engager la responsabilit\u00e9 du propri\u00e9taire du site.<\/p><p>Le propri\u00e9taire du site ne peut \u00eatre tenu responsable des dommages directs et indirects cons\u00e9cutifs \u00e0 l\u2019acc\u00e8s au site.<\/p><h2><strong><br \/>INTERACTIVIT\u00c9<\/strong><\/h2><p><br \/>Les utilisateurs du site peuvent y d\u00e9poser du contenu, apparaissant sur le site dans des espaces d\u00e9di\u00e9s (notamment via le formulaire de contact). Le contenu d\u00e9pos\u00e9 reste sous la responsabilit\u00e9 de leurs auteurs, qui en assument pleinement l\u2019enti\u00e8re responsabilit\u00e9 juridique.<\/p><p>Le propri\u00e9taire du site se r\u00e9serve n\u00e9anmoins le droit de retirer sans pr\u00e9avis et sans justification tout contenu d\u00e9pos\u00e9 par les utilisateurs qui ne satisferait pas \u00e0 la charte d\u00e9ontologique du site ou \u00e0 la l\u00e9gislation en vigueur.<\/p><h2><strong><br \/>PROPRI\u00c9T\u00c9 INTELLECTUELLE<\/strong><\/h2><p><br \/>Sauf mention contraire, tous les \u00e9l\u00e9ments accessibles sur le site (textes, images, graphismes, logo, ic\u00f4nes, sons, logiciels, etc.) restent la propri\u00e9t\u00e9 exclusive de leurs auteurs, en ce qui concerne les droits de propri\u00e9t\u00e9 intellectuelle ou les droits d\u2019usage.<\/p><p>Toute reproduction, repr\u00e9sentation, modification, publication, adaptation de tout ou partie des \u00e9l\u00e9ments du site, quel que soit le moyen ou le proc\u00e9d\u00e9 utilis\u00e9, est interdite, sauf autorisation \u00e9crite pr\u00e9alable de l\u2019auteur.<\/p><p>Toute exploitation non autoris\u00e9e du site ou de l\u2019un quelconque des \u00e9l\u00e9ments qu\u2019il contient est consid\u00e9r\u00e9e comme constitutive d\u2019une contrefa\u00e7on et passible de poursuites.<\/p><p>Les marques et logos reproduits sur le site sont d\u00e9pos\u00e9s par les soci\u00e9t\u00e9s qui en sont propri\u00e9taires.<\/p><h2><strong><br \/>LIENS<\/strong><\/h2><p><strong><br \/>Liens sortants<\/strong><\/p><p>Le propri\u00e9taire du site d\u00e9cline toute responsabilit\u00e9 et n\u2019est pas engag\u00e9 par le r\u00e9f\u00e9rencement via des liens hypertextes, de ressources tierces pr\u00e9sentes sur le r\u00e9seau Internet, tant en ce qui concerne leur contenu que leur pertinence.<\/p><p><strong>Liens entrants<\/strong><\/p><p>Le propri\u00e9taire du site autorise les liens hypertextes vers l\u2019une des pages de ce site, \u00e0 condition que ceux-ci ouvrent une nouvelle fen\u00eatre et soient pr\u00e9sent\u00e9s de mani\u00e8re non \u00e9quivoque afin d\u2019\u00e9viter :<\/p><ul><li>tout risque de confusion entre le site citant et le propri\u00e9taire du site<\/li><li>ainsi que toute pr\u00e9sentation tendancieuse, ou contraire aux lois en vigueur.<\/li><\/ul><p>Le propri\u00e9taire du site se r\u00e9serve le droit de demander la suppression d\u2019un lien s\u2019il estime que le site source ne respecte pas les r\u00e8gles ainsi d\u00e9finies.<\/p><h2><strong><br \/>CONFIDENTIALIT\u00c9<\/strong><\/h2><p><br \/>Tout utilisateur dispose d\u2019un droit d\u2019acc\u00e8s, de rectification et d\u2019opposition aux donn\u00e9es personnelles le concernant, en effectuant sa demande \u00e9crite et sign\u00e9e, accompagn\u00e9e d\u2019une preuve d\u2019identit\u00e9.<\/p><h2><br \/>M\u00c9DIATEUR DE LA CONSOMMATION<\/h2><p><br \/>Conform\u00e9ment aux dispositions de l\u2019article L 612-1 du code de la consommation, tout client du terrain de camping a le droit de recourir gratuitement \u00e0 un m\u00e9diateur de la consommation en vue de la r\u00e9solution amiable d\u2019un litige qui l\u2019opposerait \u00e0 l\u2019exploitant du terrain.<\/p><p>La plateforme de r\u00e8glement des litiges:\u00a0<a href=\"https:\/\/ec.europa.eu\/consumers\/odr\/main\/index.cfm?event=main.home2.show&amp;lng=FR\">https:\/\/ec.europa.eu\/consumers\/odr\/main\/index.cfm?event=main.home2.show&amp;lng=FR<\/a><\/p><h2><strong><br \/>CR\u00c9DITS<\/strong><\/h2><p><strong><br \/>Adobe Stock<br \/>Horizon Marketing<br \/>Camping Camp\u00e9ole des L\u00e9gendes<\/strong><\/p><p><!-- notionvc: 0c60f78c-02d8-46fb-bacb-2d258a843284 --><\/p>\n<\/div><\/div>\n<\/section><\/div>","protected":false},"excerpt":{"rendered":"<p>IDENTIT\u00c9Nom du site web : Camping C\u00f4te des L\u00e9gendesAdresse : https:\/\/www.campingcotedeslegendes.com\/Propri\u00e9taire : Olivier GrossetResponsable de publication : Camping C\u00f4te des L\u00e9gendesConception et r\u00e9alisation : Horizon MarketingAnimation : Camping C\u00f4te des L\u00e9gendesH\u00e9bergement : InfomaniakPERSONNE MORALEEURL, entreprise unipersonnelle \u00e0 responsabilit\u00e9 limit\u00e9e au capital de 7 650,00 euros\u2013 422 730 986 R.C.S. Brest \u2013 KERAVEZAN, 29890 PLOUNEOUR-BRIGNOGAN-PLAGES \u2013 [&hellip;]<\/p>","protected":false},"author":1,"featured_media":1638,"parent":0,"menu_order":0,"comment_status":"closed","ping_status":"closed","template":"","meta":{"_acf_changed":false,"_breakdance_hide_in_design_set":false,"_breakdance_tags":"","footnotes":""},"class_list":["post-2318","page","type-page","status-publish","has-post-thumbnail","hentry"],"acf":[],"yoast_head":"<!-- This site is optimized with the Yoast SEO plugin v24.1 - https:\/\/yoast.com\/wordpress\/plugins\/seo\/ -->\n<title>Mentions l\u00e9gales | Camping C\u00f4te des L\u00e9gendes \u00e0 Brignogan-Plages<\/title>\n<meta name=\"description\" content=\"Mentions l\u00e9gales du Camping 3 \u00e9toiles de la C\u00f4te des L\u00e9gendes \u00e0 Plouneour-Brignogan-Plages dans le Finist\u00e8re nord.\" \/>\n<meta name=\"robots\" content=\"noindex, follow\" \/>\n<meta property=\"og:locale\" content=\"nl_NL\" \/>\n<meta property=\"og:type\" content=\"article\" \/>\n<meta property=\"og:title\" content=\"Mentions l\u00e9gales | Camping C\u00f4te des L\u00e9gendes \u00e0 Brignogan-Plages\" \/>\n<meta property=\"og:description\" content=\"Mentions l\u00e9gales du Camping 3 \u00e9toiles de la C\u00f4te des L\u00e9gendes \u00e0 Plouneour-Brignogan-Plages dans le Finist\u00e8re nord.\" \/>\n<meta property=\"og:url\" content=\"https:\/\/www.campingcotedeslegendes.com\/nl\/mentions-legales\/\" \/>\n<meta property=\"og:site_name\" content=\"cote-des-legendes\" \/>\n<meta property=\"article:publisher\" content=\"https:\/\/www.facebook.com\/CampingCotedesLegendes\" \/>\n<meta property=\"article:modified_time\" content=\"2024-10-28T13:58:57+00:00\" \/>\n<meta property=\"og:image\" content=\"https:\/\/www.campingcotedeslegendes.com\/wp-content\/uploads\/2024\/10\/camping_cote_de_legendes_chalet_1_chambre_drone-scaled.webp\" \/>\n\t<meta property=\"og:image:width\" content=\"2560\" \/>\n\t<meta property=\"og:image:height\" content=\"1440\" \/>\n\t<meta property=\"og:image:type\" content=\"image\/webp\" \/>\n<meta name=\"twitter:card\" content=\"summary_large_image\" \/>\n<meta name=\"twitter:label1\" content=\"Geschatte leestijd\" \/>\n\t<meta name=\"twitter:data1\" content=\"3 minuten\" \/>\n<script type=\"application\/ld+json\" class=\"yoast-schema-graph\">{\"@context\":\"https:\/\/schema.org\",\"@graph\":[{\"@type\":\"WebPage\",\"@id\":\"https:\/\/www.campingcotedeslegendes.com\/nl\/mentions-legales\/\",\"url\":\"https:\/\/www.campingcotedeslegendes.com\/nl\/mentions-legales\/\",\"name\":\"Mentions l\u00e9gales | Camping C\u00f4te des L\u00e9gendes \u00e0 Brignogan-Plages\",\"isPartOf\":{\"@id\":\"https:\/\/www.campingcotedeslegendes.com\/nl\/#website\"},\"primaryImageOfPage\":{\"@id\":\"https:\/\/www.campingcotedeslegendes.com\/nl\/mentions-legales\/#primaryimage\"},\"image\":{\"@id\":\"https:\/\/www.campingcotedeslegendes.com\/nl\/mentions-legales\/#primaryimage\"},\"thumbnailUrl\":\"https:\/\/www.campingcotedeslegendes.com\/wp-content\/uploads\/2024\/10\/camping_cote_de_legendes_chalet_1_chambre_drone-scaled.webp\",\"datePublished\":\"2024-10-22T08:40:55+00:00\",\"dateModified\":\"2024-10-28T13:58:57+00:00\",\"description\":\"Mentions l\u00e9gales du Camping 3 \u00e9toiles de la C\u00f4te des L\u00e9gendes \u00e0 Plouneour-Brignogan-Plages dans le Finist\u00e8re nord.\",\"breadcrumb\":{\"@id\":\"https:\/\/www.campingcotedeslegendes.com\/nl\/mentions-legales\/#breadcrumb\"},\"inLanguage\":\"nl-NL\",\"potentialAction\":[{\"@type\":\"ReadAction\",\"target\":[\"https:\/\/www.campingcotedeslegendes.com\/nl\/mentions-legales\/\"]}]},{\"@type\":\"ImageObject\",\"inLanguage\":\"nl-NL\",\"@id\":\"https:\/\/www.campingcotedeslegendes.com\/nl\/mentions-legales\/#primaryimage\",\"url\":\"https:\/\/www.campingcotedeslegendes.com\/wp-content\/uploads\/2024\/10\/camping_cote_de_legendes_chalet_1_chambre_drone-scaled.webp\",\"contentUrl\":\"https:\/\/www.campingcotedeslegendes.com\/wp-content\/uploads\/2024\/10\/camping_cote_de_legendes_chalet_1_chambre_drone-scaled.webp\",\"width\":2560,\"height\":1440},{\"@type\":\"BreadcrumbList\",\"@id\":\"https:\/\/www.campingcotedeslegendes.com\/nl\/mentions-legales\/#breadcrumb\",\"itemListElement\":[{\"@type\":\"ListItem\",\"position\":1,\"name\":\"Camping \u00e0 Brignogan-Plages\",\"item\":\"https:\/\/www.campingcotedeslegendes.com\/\"},{\"@type\":\"ListItem\",\"position\":2,\"name\":\"Mentions l\u00e9gales\"}]},{\"@type\":\"WebSite\",\"@id\":\"https:\/\/www.campingcotedeslegendes.com\/nl\/#website\",\"url\":\"https:\/\/www.campingcotedeslegendes.com\/nl\/\",\"name\":\"Camping de la C\u00f4te des L\u00e9gendes\",\"description\":\"\",\"publisher\":{\"@id\":\"https:\/\/www.campingcotedeslegendes.com\/nl\/#organization\"},\"potentialAction\":[{\"@type\":\"SearchAction\",\"target\":{\"@type\":\"EntryPoint\",\"urlTemplate\":\"https:\/\/www.campingcotedeslegendes.com\/nl\/?s={search_term_string}\"},\"query-input\":{\"@type\":\"PropertyValueSpecification\",\"valueRequired\":true,\"valueName\":\"search_term_string\"}}],\"inLanguage\":\"nl-NL\"},{\"@type\":\"Organization\",\"@id\":\"https:\/\/www.campingcotedeslegendes.com\/nl\/#organization\",\"name\":\"Camping de la C\u00f4te des L\u00e9gendes\",\"url\":\"https:\/\/www.campingcotedeslegendes.com\/nl\/\",\"logo\":{\"@type\":\"ImageObject\",\"inLanguage\":\"nl-NL\",\"@id\":\"https:\/\/www.campingcotedeslegendes.com\/nl\/#\/schema\/logo\/image\/\",\"url\":\"https:\/\/www.campingcotedeslegendes.com\/wp-content\/uploads\/2024\/06\/logo-header.png\",\"contentUrl\":\"https:\/\/www.campingcotedeslegendes.com\/wp-content\/uploads\/2024\/06\/logo-header.png\",\"width\":209,\"height\":111,\"caption\":\"Camping de la C\u00f4te des L\u00e9gendes\"},\"image\":{\"@id\":\"https:\/\/www.campingcotedeslegendes.com\/nl\/#\/schema\/logo\/image\/\"},\"sameAs\":[\"https:\/\/www.facebook.com\/CampingCotedesLegendes\"]}]}<\/script>\n<!-- \/ Yoast SEO plugin. -->","yoast_head_json":{"title":"Mentions l\u00e9gales | Camping C\u00f4te des L\u00e9gendes \u00e0 Brignogan-Plages","description":"Mentions l\u00e9gales du Camping 3 \u00e9toiles de la C\u00f4te des L\u00e9gendes \u00e0 Plouneour-Brignogan-Plages dans le Finist\u00e8re nord.","robots":{"index":"noindex","follow":"follow"},"og_locale":"nl_NL","og_type":"article","og_title":"Mentions l\u00e9gales | Camping C\u00f4te des L\u00e9gendes \u00e0 Brignogan-Plages","og_description":"Mentions l\u00e9gales du Camping 3 \u00e9toiles de la C\u00f4te des L\u00e9gendes \u00e0 Plouneour-Brignogan-Plages dans le Finist\u00e8re nord.","og_url":"https:\/\/www.campingcotedeslegendes.com\/nl\/mentions-legales\/","og_site_name":"cote-des-legendes","article_publisher":"https:\/\/www.facebook.com\/CampingCotedesLegendes","article_modified_time":"2024-10-28T13:58:57+00:00","og_image":[{"width":2560,"height":1440,"url":"https:\/\/www.campingcotedeslegendes.com\/wp-content\/uploads\/2024\/10\/camping_cote_de_legendes_chalet_1_chambre_drone-scaled.webp","type":"image\/webp"}],"twitter_card":"summary_large_image","twitter_misc":{"Geschatte leestijd":"3 minuten"},"schema":{"@context":"https:\/\/schema.org","@graph":[{"@type":"WebPage","@id":"https:\/\/www.campingcotedeslegendes.com\/nl\/mentions-legales\/","url":"https:\/\/www.campingcotedeslegendes.com\/nl\/mentions-legales\/","name":"Mentions l\u00e9gales | Camping C\u00f4te des L\u00e9gendes \u00e0 Brignogan-Plages","isPartOf":{"@id":"https:\/\/www.campingcotedeslegendes.com\/nl\/#website"},"primaryImageOfPage":{"@id":"https:\/\/www.campingcotedeslegendes.com\/nl\/mentions-legales\/#primaryimage"},"image":{"@id":"https:\/\/www.campingcotedeslegendes.com\/nl\/mentions-legales\/#primaryimage"},"thumbnailUrl":"https:\/\/www.campingcotedeslegendes.com\/wp-content\/uploads\/2024\/10\/camping_cote_de_legendes_chalet_1_chambre_drone-scaled.webp","datePublished":"2024-10-22T08:40:55+00:00","dateModified":"2024-10-28T13:58:57+00:00","description":"Mentions l\u00e9gales du Camping 3 \u00e9toiles de la C\u00f4te des L\u00e9gendes \u00e0 Plouneour-Brignogan-Plages dans le Finist\u00e8re nord.","breadcrumb":{"@id":"https:\/\/www.campingcotedeslegendes.com\/nl\/mentions-legales\/#breadcrumb"},"inLanguage":"nl-NL","potentialAction":[{"@type":"ReadAction","target":["https:\/\/www.campingcotedeslegendes.com\/nl\/mentions-legales\/"]}]},{"@type":"ImageObject","inLanguage":"nl-NL","@id":"https:\/\/www.campingcotedeslegendes.com\/nl\/mentions-legales\/#primaryimage","url":"https:\/\/www.campingcotedeslegendes.com\/wp-content\/uploads\/2024\/10\/camping_cote_de_legendes_chalet_1_chambre_drone-scaled.webp","contentUrl":"https:\/\/www.campingcotedeslegendes.com\/wp-content\/uploads\/2024\/10\/camping_cote_de_legendes_chalet_1_chambre_drone-scaled.webp","width":2560,"height":1440},{"@type":"BreadcrumbList","@id":"https:\/\/www.campingcotedeslegendes.com\/nl\/mentions-legales\/#breadcrumb","itemListElement":[{"@type":"ListItem","position":1,"name":"Camping \u00e0 Brignogan-Plages","item":"https:\/\/www.campingcotedeslegendes.com\/"},{"@type":"ListItem","position":2,"name":"Mentions l\u00e9gales"}]},{"@type":"WebSite","@id":"https:\/\/www.campingcotedeslegendes.com\/nl\/#website","url":"https:\/\/www.campingcotedeslegendes.com\/nl\/","name":"Camping de la C\u00f4te des L\u00e9gendes","description":"","publisher":{"@id":"https:\/\/www.campingcotedeslegendes.com\/nl\/#organization"},"potentialAction":[{"@type":"SearchAction","target":{"@type":"EntryPoint","urlTemplate":"https:\/\/www.campingcotedeslegendes.com\/nl\/?s={search_term_string}"},"query-input":{"@type":"PropertyValueSpecification","valueRequired":true,"valueName":"search_term_string"}}],"inLanguage":"nl-NL"},{"@type":"Organization","@id":"https:\/\/www.campingcotedeslegendes.com\/nl\/#organization","name":"Camping de la C\u00f4te des L\u00e9gendes","url":"https:\/\/www.campingcotedeslegendes.com\/nl\/","logo":{"@type":"ImageObject","inLanguage":"nl-NL","@id":"https:\/\/www.campingcotedeslegendes.com\/nl\/#\/schema\/logo\/image\/","url":"https:\/\/www.campingcotedeslegendes.com\/wp-content\/uploads\/2024\/06\/logo-header.png","contentUrl":"https:\/\/www.campingcotedeslegendes.com\/wp-content\/uploads\/2024\/06\/logo-header.png","width":209,"height":111,"caption":"Camping de la C\u00f4te des L\u00e9gendes"},"image":{"@id":"https:\/\/www.campingcotedeslegendes.com\/nl\/#\/schema\/logo\/image\/"},"sameAs":["https:\/\/www.facebook.com\/CampingCotedesLegendes"]}]}},"_links":{"self":[{"href":"https:\/\/www.campingcotedeslegendes.com\/nl\/wp-json\/wp\/v2\/pages\/2318","targetHints":{"allow":["GET"]}}],"collection":[{"href":"https:\/\/www.campingcotedeslegendes.com\/nl\/wp-json\/wp\/v2\/pages"}],"about":[{"href":"https:\/\/www.campingcotedeslegendes.com\/nl\/wp-json\/wp\/v2\/types\/page"}],"author":[{"embeddable":true,"href":"https:\/\/www.campingcotedeslegendes.com\/nl\/wp-json\/wp\/v2\/users\/1"}],"replies":[{"embeddable":true,"href":"https:\/\/www.campingcotedeslegendes.com\/nl\/wp-json\/wp\/v2\/comments?post=2318"}],"version-history":[{"count":5,"href":"https:\/\/www.campingcotedeslegendes.com\/nl\/wp-json\/wp\/v2\/pages\/2318\/revisions"}],"predecessor-version":[{"id":2560,"href":"https:\/\/www.campingcotedeslegendes.com\/nl\/wp-json\/wp\/v2\/pages\/2318\/revisions\/2560"}],"wp:featuredmedia":[{"embeddable":true,"href":"https:\/\/www.campingcotedeslegendes.com\/nl\/wp-json\/wp\/v2\/media\/1638"}],"wp:attachment":[{"href":"https:\/\/www.campingcotedeslegendes.com\/nl\/wp-json\/wp\/v2\/media?parent=2318"}],"curies":[{"name":"wp","href":"https:\/\/api.w.org\/{rel}","templated":true}]}}