{"id":1980,"date":"2024-10-18T16:00:45","date_gmt":"2024-10-18T14:00:45","guid":{"rendered":"https:\/\/cdl.dev-shd.fr\/?page_id=1980"},"modified":"2024-12-12T16:06:07","modified_gmt":"2024-12-12T14:06:07","slug":"documents_utiles","status":"publish","type":"page","link":"https:\/\/www.campingcotedeslegendes.com\/nl\/nuttige_documenten\/","title":{"rendered":"Nuttige documenten"},"content":{"rendered":"<div class='breakdance'><section class=\"bde-section-1980-100 bde-section\">\n  \n\t\n\n\n\n<div class=\"section-container\"><\/div>\n<\/section><section class=\"bde-section-1980-103 bde-section\">\n  \n\t\n\n\n\n<div class=\"section-container\"><div class=\"bde-div-1980-108 bde-div\">\n  \n\t\n\n\n\n<h1 class=\"bde-heading-1980-109 bde-heading\">\nDocuments utiles pour pr\u00e9parer<br><br> au mieux votre s\u00e9jour\n<\/h1><div class=\"bde-rich-text-1980-706 bde-rich-text breakdance-rich-text-styles\">\n<p>Hier vind je alle praktische documenten die je nodig hebt voor je verblijf op Camping C\u00f4te des L\u00e9gendes. Deze informatie helpt u uw aankomst voor te bereiden en optimaal te genieten van uw verblijf zonder zorgen. Aarzel niet om ze te raadplegen om een rustige en onvergetelijke vakantie in het hart van Bretagne te organiseren.<\/p>\n<\/div><div class=\"bde-columns-1980-715 bde-columns\"><div class=\"bde-column-1980-716 bde-column\">\n  \n\t\n\n\n\n<div class=\"bde-button-1980-718 bde-button\">\n    \n                                    \n    \n    \n    \n    \n            \n                    \n            \n            \n\n    \n    \n    \n    \n    \n    <a class=\"breakdance-link button-atom button-atom--primary bde-button__button\" href=\"https:\/\/www.campingcotedeslegendes.com\/wp-content\/uploads\/2024\/10\/COTE_DES_LEGENDES_PLAN.pdf\" target=\"_blank\" data-type=\"url\"  >\n\n    \n        <span class=\"button-atom__text\">Camping Kaart<\/span>\n\n        \n        \n                <\/a>\n\n    \n\n\n<\/div><div class=\"bde-button-1980-719 bde-button\">\n    \n                                    \n    \n    \n    \n    \n            \n                    \n            \n            \n\n    \n    \n    \n    \n    \n    <a class=\"breakdance-link button-atom button-atom--primary bde-button__button\" href=\"https:\/\/www.campingcotedeslegendes.com\/wp-content\/uploads\/2024\/10\/CONDITIONS_GENERALES_DE_VENTE-2025.pdf\" target=\"_blank\" data-type=\"url\"  >\n\n    \n        <span class=\"button-atom__text\">ALGEMENE VOORWAARDEN<\/span>\n\n        \n        \n                <\/a>\n\n    \n\n\n<\/div><div class=\"bde-button-1980-721 bde-button\">\n    \n                                    \n    \n    \n    \n    \n            \n                    \n            \n            \n\n    \n    \n    \n    \n    \n    <a class=\"breakdance-link button-atom button-atom--primary bde-button__button\" href=\"https:\/\/www.campingcotedeslegendes.com\/wp-content\/uploads\/2024\/10\/SERVICES-EN-SUPPLEMENT.pdf\" target=\"_blank\" data-type=\"url\"  >\n\n    \n        <span class=\"button-atom__text\">Servicetarieven<\/span>\n\n        \n        \n                <\/a>\n\n    \n\n\n<\/div><div class=\"bde-button-1980-723 bde-button\">\n    \n                                    \n    \n    \n    \n    \n            \n                    \n            \n            \n\n    \n    \n    \n    \n    \n    <a class=\"breakdance-link button-atom button-atom--primary bde-button__button\" href=\"https:\/\/www.campingcotedeslegendes.com\/wp-content\/uploads\/2024\/10\/location-velos-2024-pdf.pdf\" target=\"_blank\" data-type=\"url\"  >\n\n    \n        <span class=\"button-atom__text\">Fietstarieven<\/span>\n\n        \n        \n                <\/a>\n\n    \n\n\n<\/div>\n<\/div><\/div>\n<\/div><div class=\"bde-globalblock-1980-174 bde-globalblock\">\n<div class='breakdance'><section class=\"bde-section-779-100-779-1 bde-section bde-section-779-100\">\n  \n\t\n\n\n\n<div class=\"section-container\"><div class=\"bde-div-779-108-779-1 bde-div bde-div-779-108\">\n  \n\t\n\n\n\n<div class=\"bde-columns-779-101-779-1 bde-columns bde-columns-779-101\"><div class=\"bde-column-779-102-779-1 bde-column bde-column-779-102\">\n  \n\t\n\n\n\n<div class=\"bde-div-779-105-779-1 bde-div bde-div-779-105\">\n  \n\t\n\n\n\n<div class=\"bde-text-779-106-779-1 bde-text bde-text-779-106\">\nVRAGEN\n<\/div><div class=\"bde-text-779-107-779-1 bde-text bde-text-779-107\">\nof voor meer informatie\n<\/div>\n<\/div>\n<\/div><div class=\"bde-column-779-103-779-1 bde-column bde-column-779-103\">\n  \n\t\n\n\n\n<div class=\"bde-button-779-104-779-1 bde-button bde-button-779-104\">\n    \n                                    \n    \n    \n    \n    \n            \n                    \n            \n            \n\n    \n    \n    \n    \n    \n    <a class=\"breakdance-link button-atom button-atom--primary bde-button__button\" href=\"https:\/\/www.campingcotedeslegendes.com\/nl\/contact-toegang\/\" target=\"_self\" data-type=\"url\"  >\n\n    \n        <span class=\"button-atom__text\">Schrijf ons<\/span>\n\n        \n        \n                <\/a>\n\n    \n\n\n<\/div>\n<\/div><\/div>\n<\/div><\/div>\n<\/section><\/div>\n<\/div><\/div>\n<\/section><\/div>","protected":false},"excerpt":{"rendered":"<p>Documents utiles pour pr\u00e9parer au mieux votre s\u00e9jour Retrouvez ici tous les documents pratiques dont vous pourriez avoir besoin pour votre s\u00e9jour au Camping C\u00f4te des L\u00e9gendes. Ces ressources vous permettront de pr\u00e9parer votre arriv\u00e9e et de profiter pleinement de votre exp\u00e9rience sans tracas. N\u2019h\u00e9sitez pas \u00e0 les consulter pour organiser des vacances sereines et [&hellip;]<\/p>","protected":false},"author":1,"featured_media":1638,"parent":0,"menu_order":0,"comment_status":"closed","ping_status":"closed","template":"","meta":{"_acf_changed":false,"_breakdance_hide_in_design_set":false,"_breakdance_tags":"","footnotes":""},"class_list":["post-1980","page","type-page","status-publish","has-post-thumbnail","hentry"],"acf":[],"yoast_head":"<!-- This site is optimized with the Yoast SEO plugin v24.1 - https:\/\/yoast.com\/wordpress\/plugins\/seo\/ -->\n<title>Pr\u00e9parer ses vacances en camping \u00e0 Brignogan-Plages<\/title>\n<meta name=\"description\" content=\"T\u00e9l\u00e9chargez tous les documents utiles pour pr\u00e9parer vos vacances au camping C\u00f4te des L\u00e9gendes \u00e0 Brignogan-Plages.\" \/>\n<meta name=\"robots\" content=\"index, follow, max-snippet:-1, max-image-preview:large, max-video-preview:-1\" \/>\n<link rel=\"canonical\" href=\"https:\/\/www.campingcotedeslegendes.com\/nl\/nuttige_documenten\/\" \/>\n<meta property=\"og:locale\" content=\"nl_NL\" \/>\n<meta property=\"og:type\" content=\"article\" \/>\n<meta property=\"og:title\" content=\"Pr\u00e9parer ses vacances en camping \u00e0 Brignogan-Plages\" \/>\n<meta property=\"og:description\" content=\"T\u00e9l\u00e9chargez tous les documents utiles pour pr\u00e9parer vos vacances au camping C\u00f4te des L\u00e9gendes \u00e0 Brignogan-Plages.\" \/>\n<meta property=\"og:url\" content=\"https:\/\/www.campingcotedeslegendes.com\/nl\/nuttige_documenten\/\" \/>\n<meta property=\"og:site_name\" content=\"cote-des-legendes\" \/>\n<meta property=\"article:publisher\" content=\"https:\/\/www.facebook.com\/CampingCotedesLegendes\" \/>\n<meta property=\"article:modified_time\" content=\"2024-12-12T14:06:07+00:00\" \/>\n<meta property=\"og:image\" content=\"https:\/\/www.campingcotedeslegendes.com\/wp-content\/uploads\/2024\/10\/camping_cote_de_legendes_chalet_1_chambre_drone-scaled.webp\" \/>\n\t<meta property=\"og:image:width\" content=\"2560\" \/>\n\t<meta property=\"og:image:height\" content=\"1440\" \/>\n\t<meta property=\"og:image:type\" content=\"image\/webp\" \/>\n<meta name=\"twitter:card\" content=\"summary_large_image\" \/>\n<meta name=\"twitter:label1\" content=\"Geschatte leestijd\" \/>\n\t<meta name=\"twitter:data1\" content=\"1 minuut\" \/>\n<script type=\"application\/ld+json\" class=\"yoast-schema-graph\">{\"@context\":\"https:\/\/schema.org\",\"@graph\":[{\"@type\":\"WebPage\",\"@id\":\"https:\/\/www.campingcotedeslegendes.com\/nl\/nuttige_documenten\/\",\"url\":\"https:\/\/www.campingcotedeslegendes.com\/nl\/nuttige_documenten\/\",\"name\":\"Pr\u00e9parer ses vacances en camping \u00e0 Brignogan-Plages\",\"isPartOf\":{\"@id\":\"https:\/\/www.campingcotedeslegendes.com\/nl\/#website\"},\"primaryImageOfPage\":{\"@id\":\"https:\/\/www.campingcotedeslegendes.com\/nl\/nuttige_documenten\/#primaryimage\"},\"image\":{\"@id\":\"https:\/\/www.campingcotedeslegendes.com\/nl\/nuttige_documenten\/#primaryimage\"},\"thumbnailUrl\":\"https:\/\/www.campingcotedeslegendes.com\/wp-content\/uploads\/2024\/10\/camping_cote_de_legendes_chalet_1_chambre_drone-scaled.webp\",\"datePublished\":\"2024-10-18T14:00:45+00:00\",\"dateModified\":\"2024-12-12T14:06:07+00:00\",\"description\":\"T\u00e9l\u00e9chargez tous les documents utiles pour pr\u00e9parer vos vacances au camping C\u00f4te des L\u00e9gendes \u00e0 Brignogan-Plages.\",\"breadcrumb\":{\"@id\":\"https:\/\/www.campingcotedeslegendes.com\/nl\/nuttige_documenten\/#breadcrumb\"},\"inLanguage\":\"nl-NL\",\"potentialAction\":[{\"@type\":\"ReadAction\",\"target\":[\"https:\/\/www.campingcotedeslegendes.com\/nl\/nuttige_documenten\/\"]}]},{\"@type\":\"ImageObject\",\"inLanguage\":\"nl-NL\",\"@id\":\"https:\/\/www.campingcotedeslegendes.com\/nl\/nuttige_documenten\/#primaryimage\",\"url\":\"https:\/\/www.campingcotedeslegendes.com\/wp-content\/uploads\/2024\/10\/camping_cote_de_legendes_chalet_1_chambre_drone-scaled.webp\",\"contentUrl\":\"https:\/\/www.campingcotedeslegendes.com\/wp-content\/uploads\/2024\/10\/camping_cote_de_legendes_chalet_1_chambre_drone-scaled.webp\",\"width\":2560,\"height\":1440},{\"@type\":\"BreadcrumbList\",\"@id\":\"https:\/\/www.campingcotedeslegendes.com\/nl\/nuttige_documenten\/#breadcrumb\",\"itemListElement\":[{\"@type\":\"ListItem\",\"position\":1,\"name\":\"Camping \u00e0 Brignogan-Plages\",\"item\":\"https:\/\/www.campingcotedeslegendes.com\/\"},{\"@type\":\"ListItem\",\"position\":2,\"name\":\"Pr\u00e9parer ses vacances\"}]},{\"@type\":\"WebSite\",\"@id\":\"https:\/\/www.campingcotedeslegendes.com\/nl\/#website\",\"url\":\"https:\/\/www.campingcotedeslegendes.com\/nl\/\",\"name\":\"Camping de la C\u00f4te des L\u00e9gendes\",\"description\":\"\",\"publisher\":{\"@id\":\"https:\/\/www.campingcotedeslegendes.com\/nl\/#organization\"},\"potentialAction\":[{\"@type\":\"SearchAction\",\"target\":{\"@type\":\"EntryPoint\",\"urlTemplate\":\"https:\/\/www.campingcotedeslegendes.com\/nl\/?s={search_term_string}\"},\"query-input\":{\"@type\":\"PropertyValueSpecification\",\"valueRequired\":true,\"valueName\":\"search_term_string\"}}],\"inLanguage\":\"nl-NL\"},{\"@type\":\"Organization\",\"@id\":\"https:\/\/www.campingcotedeslegendes.com\/nl\/#organization\",\"name\":\"Camping de la C\u00f4te des L\u00e9gendes\",\"url\":\"https:\/\/www.campingcotedeslegendes.com\/nl\/\",\"logo\":{\"@type\":\"ImageObject\",\"inLanguage\":\"nl-NL\",\"@id\":\"https:\/\/www.campingcotedeslegendes.com\/nl\/#\/schema\/logo\/image\/\",\"url\":\"https:\/\/www.campingcotedeslegendes.com\/wp-content\/uploads\/2024\/06\/logo-header.png\",\"contentUrl\":\"https:\/\/www.campingcotedeslegendes.com\/wp-content\/uploads\/2024\/06\/logo-header.png\",\"width\":209,\"height\":111,\"caption\":\"Camping de la C\u00f4te des L\u00e9gendes\"},\"image\":{\"@id\":\"https:\/\/www.campingcotedeslegendes.com\/nl\/#\/schema\/logo\/image\/\"},\"sameAs\":[\"https:\/\/www.facebook.com\/CampingCotedesLegendes\"]}]}<\/script>\n<!-- \/ Yoast SEO plugin. -->","yoast_head_json":{"title":"Pr\u00e9parer ses vacances en camping \u00e0 Brignogan-Plages","description":"T\u00e9l\u00e9chargez tous les documents utiles pour pr\u00e9parer vos vacances au camping C\u00f4te des L\u00e9gendes \u00e0 Brignogan-Plages.","robots":{"index":"index","follow":"follow","max-snippet":"max-snippet:-1","max-image-preview":"max-image-preview:large","max-video-preview":"max-video-preview:-1"},"canonical":"https:\/\/www.campingcotedeslegendes.com\/nl\/nuttige_documenten\/","og_locale":"nl_NL","og_type":"article","og_title":"Pr\u00e9parer ses vacances en camping \u00e0 Brignogan-Plages","og_description":"T\u00e9l\u00e9chargez tous les documents utiles pour pr\u00e9parer vos vacances au camping C\u00f4te des L\u00e9gendes \u00e0 Brignogan-Plages.","og_url":"https:\/\/www.campingcotedeslegendes.com\/nl\/nuttige_documenten\/","og_site_name":"cote-des-legendes","article_publisher":"https:\/\/www.facebook.com\/CampingCotedesLegendes","article_modified_time":"2024-12-12T14:06:07+00:00","og_image":[{"width":2560,"height":1440,"url":"https:\/\/www.campingcotedeslegendes.com\/wp-content\/uploads\/2024\/10\/camping_cote_de_legendes_chalet_1_chambre_drone-scaled.webp","type":"image\/webp"}],"twitter_card":"summary_large_image","twitter_misc":{"Geschatte leestijd":"1 minuut"},"schema":{"@context":"https:\/\/schema.org","@graph":[{"@type":"WebPage","@id":"https:\/\/www.campingcotedeslegendes.com\/nl\/nuttige_documenten\/","url":"https:\/\/www.campingcotedeslegendes.com\/nl\/nuttige_documenten\/","name":"Pr\u00e9parer ses vacances en camping \u00e0 Brignogan-Plages","isPartOf":{"@id":"https:\/\/www.campingcotedeslegendes.com\/nl\/#website"},"primaryImageOfPage":{"@id":"https:\/\/www.campingcotedeslegendes.com\/nl\/nuttige_documenten\/#primaryimage"},"image":{"@id":"https:\/\/www.campingcotedeslegendes.com\/nl\/nuttige_documenten\/#primaryimage"},"thumbnailUrl":"https:\/\/www.campingcotedeslegendes.com\/wp-content\/uploads\/2024\/10\/camping_cote_de_legendes_chalet_1_chambre_drone-scaled.webp","datePublished":"2024-10-18T14:00:45+00:00","dateModified":"2024-12-12T14:06:07+00:00","description":"T\u00e9l\u00e9chargez tous les documents utiles pour pr\u00e9parer vos vacances au camping C\u00f4te des L\u00e9gendes \u00e0 Brignogan-Plages.","breadcrumb":{"@id":"https:\/\/www.campingcotedeslegendes.com\/nl\/nuttige_documenten\/#breadcrumb"},"inLanguage":"nl-NL","potentialAction":[{"@type":"ReadAction","target":["https:\/\/www.campingcotedeslegendes.com\/nl\/nuttige_documenten\/"]}]},{"@type":"ImageObject","inLanguage":"nl-NL","@id":"https:\/\/www.campingcotedeslegendes.com\/nl\/nuttige_documenten\/#primaryimage","url":"https:\/\/www.campingcotedeslegendes.com\/wp-content\/uploads\/2024\/10\/camping_cote_de_legendes_chalet_1_chambre_drone-scaled.webp","contentUrl":"https:\/\/www.campingcotedeslegendes.com\/wp-content\/uploads\/2024\/10\/camping_cote_de_legendes_chalet_1_chambre_drone-scaled.webp","width":2560,"height":1440},{"@type":"BreadcrumbList","@id":"https:\/\/www.campingcotedeslegendes.com\/nl\/nuttige_documenten\/#breadcrumb","itemListElement":[{"@type":"ListItem","position":1,"name":"Camping \u00e0 Brignogan-Plages","item":"https:\/\/www.campingcotedeslegendes.com\/"},{"@type":"ListItem","position":2,"name":"Pr\u00e9parer ses vacances"}]},{"@type":"WebSite","@id":"https:\/\/www.campingcotedeslegendes.com\/nl\/#website","url":"https:\/\/www.campingcotedeslegendes.com\/nl\/","name":"Camping de la C\u00f4te des L\u00e9gendes","description":"","publisher":{"@id":"https:\/\/www.campingcotedeslegendes.com\/nl\/#organization"},"potentialAction":[{"@type":"SearchAction","target":{"@type":"EntryPoint","urlTemplate":"https:\/\/www.campingcotedeslegendes.com\/nl\/?s={search_term_string}"},"query-input":{"@type":"PropertyValueSpecification","valueRequired":true,"valueName":"search_term_string"}}],"inLanguage":"nl-NL"},{"@type":"Organization","@id":"https:\/\/www.campingcotedeslegendes.com\/nl\/#organization","name":"Camping de la C\u00f4te des L\u00e9gendes","url":"https:\/\/www.campingcotedeslegendes.com\/nl\/","logo":{"@type":"ImageObject","inLanguage":"nl-NL","@id":"https:\/\/www.campingcotedeslegendes.com\/nl\/#\/schema\/logo\/image\/","url":"https:\/\/www.campingcotedeslegendes.com\/wp-content\/uploads\/2024\/06\/logo-header.png","contentUrl":"https:\/\/www.campingcotedeslegendes.com\/wp-content\/uploads\/2024\/06\/logo-header.png","width":209,"height":111,"caption":"Camping de la C\u00f4te des L\u00e9gendes"},"image":{"@id":"https:\/\/www.campingcotedeslegendes.com\/nl\/#\/schema\/logo\/image\/"},"sameAs":["https:\/\/www.facebook.com\/CampingCotedesLegendes"]}]}},"_links":{"self":[{"href":"https:\/\/www.campingcotedeslegendes.com\/nl\/wp-json\/wp\/v2\/pages\/1980","targetHints":{"allow":["GET"]}}],"collection":[{"href":"https:\/\/www.campingcotedeslegendes.com\/nl\/wp-json\/wp\/v2\/pages"}],"about":[{"href":"https:\/\/www.campingcotedeslegendes.com\/nl\/wp-json\/wp\/v2\/types\/page"}],"author":[{"embeddable":true,"href":"https:\/\/www.campingcotedeslegendes.com\/nl\/wp-json\/wp\/v2\/users\/1"}],"replies":[{"embeddable":true,"href":"https:\/\/www.campingcotedeslegendes.com\/nl\/wp-json\/wp\/v2\/comments?post=1980"}],"version-history":[{"count":8,"href":"https:\/\/www.campingcotedeslegendes.com\/nl\/wp-json\/wp\/v2\/pages\/1980\/revisions"}],"predecessor-version":[{"id":3053,"href":"https:\/\/www.campingcotedeslegendes.com\/nl\/wp-json\/wp\/v2\/pages\/1980\/revisions\/3053"}],"wp:featuredmedia":[{"embeddable":true,"href":"https:\/\/www.campingcotedeslegendes.com\/nl\/wp-json\/wp\/v2\/media\/1638"}],"wp:attachment":[{"href":"https:\/\/www.campingcotedeslegendes.com\/nl\/wp-json\/wp\/v2\/media?parent=1980"}],"curies":[{"name":"wp","href":"https:\/\/api.w.org\/{rel}","templated":true}]}}