{"id":2318,"date":"2024-10-22T10:40:55","date_gmt":"2024-10-22T08:40:55","guid":{"rendered":"https:\/\/cdl.dev-shd.fr\/?page_id=2318"},"modified":"2024-10-28T15:58:57","modified_gmt":"2024-10-28T13:58:57","slug":"mentions-legales","status":"publish","type":"page","link":"https:\/\/www.campingcotedeslegendes.com\/en\/legal-information\/","title":{"rendered":"Legal information"},"content":{"rendered":"<div class='breakdance'><section class=\"bde-section-2318-100 bde-section\">\n  \n\t\n\n\n\n<div class=\"section-container\"><div class=\"bde-rich-text-2318-101 bde-rich-text breakdance-rich-text-styles\">\n<h2><strong>IDENTITY<\/strong><\/h2><p><br \/>Website name : <strong>Camping C\u00f4te des L\u00e9gendes<\/strong><br \/>Address: <a href=\"https:\/\/www.campingcotedeslegendes.com\/en\/\">https:\/\/www.campingcotedeslegendes.com\/<\/a><br \/>Owner : <strong>Olivier Grosset<\/strong><br \/>Publication manager : <strong>Camping C\u00f4te des L\u00e9gendes<\/strong><br \/>Design and production : <strong>Horizon Marketing<\/strong><br \/>Hosted by : <strong>Camping C\u00f4te des L\u00e9gendes<\/strong><br \/>Accommodation : <strong>Infomaniak<\/strong><\/p><h2><strong><br \/>LEGAL PERSON<\/strong><\/h2><p><strong><br \/>EURL, a one-man business with limited liability and a capital of 7,650.00 euros - 422 730 986 R.C.S. Brest - KERAVEZAN, 29890 PLOUNEOUR-BRIGNOGAN-PLAGES<\/strong> <strong> - 02 98 83 41 65<\/strong><strong> - contact@campingcotedeslegendes.com<\/strong><\/p><h2><strong><br \/>CONDITIONS OF USE<\/strong><\/h2><p><br \/>Use of this site implies full acceptance of the general conditions of use described below. These conditions of use may be amended or supplemented at any time.<\/p><h2><strong><br \/>INFORMATION<\/strong><\/h2><p><br \/>The information and documents on this site are provided for information purposes only, are not exhaustive and do not engage the responsibility of the site owner.<\/p><p>The site owner cannot be held responsible for any direct or indirect damage resulting from access to the site.<\/p><h2><strong><br \/>INTERACTIVITY<\/strong><\/h2><p><br \/>Site users may submit content, which will appear on the site in dedicated areas (in particular via the contact form). The content submitted remains the responsibility of its authors, who assume full legal liability.<\/p><p>However, the site owner reserves the right to withdraw, without notice or justification, any content posted by users that does not comply with the site's ethical charter or with current legislation.<\/p><h2><strong><br \/>INTELLECTUAL PROPERTY<\/strong><\/h2><p><br \/>Unless otherwise stated, all elements accessible on the site (texts, images, graphics, logos, icons, sounds, software, etc.) remain the exclusive property of their authors, with regard to intellectual property rights or rights of use.<\/p><p>Any reproduction, representation, modification, publication, adaptation of all or part of the elements of the site, whatever the means or the process used, is forbidden, except with the prior written authorisation of the author.<\/p><p>Any unauthorised use of the site or of any of the elements it contains is considered to constitute an infringement and is liable to prosecution.<\/p><p>The brands and logos reproduced on the site are registered by the companies that own them.<\/p><h2><strong><br \/>LINKS<\/strong><\/h2><p><strong><br \/>Outgoing links<\/strong><\/p><p>The owner of the site declines all responsibility and is not committed by the referencing, via hypertext links, of third-party resources present on the Internet network, as regards both their content and their relevance.<\/p><p><strong>Incoming links<\/strong><\/p><p>The site owner authorises hypertext links to any page on this site, provided that these open a new window and are presented in an unambiguous manner to avoid :<\/p><ul><li>any risk of confusion between the citing site and the site owner<\/li><li>as well as any presentation that is tendentious or contrary to the laws in force.<\/li><\/ul><p>The site owner reserves the right to request the removal of a link if it considers that the source site does not comply with these rules.<\/p><h2><strong><br \/>CONFIDENTIALITY<\/strong><\/h2><p><br \/>All users have the right to access, rectify and oppose any personal data concerning them, by making a written and signed request, accompanied by proof of identity.<\/p><h2><br \/>CONSUMER OMBUDSMAN<\/h2><p><br \/>In accordance with the provisions of article L 612-1 of the French Consumer Code, any campsite customer has the right to have recourse, free of charge, to a consumer mediator with a view to the amicable resolution of a dispute with the campsite operator.<\/p><p>The dispute resolution platform:\u00a0<a href=\"https:\/\/ec.europa.eu\/consumers\/odr\/main\/index.cfm?event=main.home2.show&amp;lng=FR\">https:\/\/ec.europa.eu\/consumers\/odr\/main\/index.cfm?event=main.home2.show&amp;lng=FR<\/a><\/p><h2><strong><br \/>CREDITS<\/strong><\/h2><p><strong><br \/>Adobe Stock<br \/>Horizon Marketing<br \/>Camping C\u00f4te des L\u00e9gendes<\/strong><\/p><p><!-- notionvc: 0c60f78c-02d8-46fb-bacb-2d258a843284 --><\/p>\n<\/div><\/div>\n<\/section><\/div>","protected":false},"excerpt":{"rendered":"<p>IDENTIT\u00c9Nom du site web : Camping C\u00f4te des L\u00e9gendesAdresse : https:\/\/www.campingcotedeslegendes.com\/Propri\u00e9taire : Olivier GrossetResponsable de publication : Camping C\u00f4te des L\u00e9gendesConception et r\u00e9alisation : Horizon MarketingAnimation : Camping C\u00f4te des L\u00e9gendesH\u00e9bergement : InfomaniakPERSONNE MORALEEURL, entreprise unipersonnelle \u00e0 responsabilit\u00e9 limit\u00e9e au capital de 7 650,00 euros\u2013 422 730 986 R.C.S. Brest \u2013 KERAVEZAN, 29890 PLOUNEOUR-BRIGNOGAN-PLAGES \u2013 [&hellip;]<\/p>","protected":false},"author":1,"featured_media":1638,"parent":0,"menu_order":0,"comment_status":"closed","ping_status":"closed","template":"","meta":{"_acf_changed":false,"_breakdance_hide_in_design_set":false,"_breakdance_tags":"","footnotes":""},"class_list":["post-2318","page","type-page","status-publish","has-post-thumbnail","hentry"],"acf":[],"yoast_head":"<!-- This site is optimized with the Yoast SEO plugin v24.1 - https:\/\/yoast.com\/wordpress\/plugins\/seo\/ -->\n<title>Mentions l\u00e9gales | Camping C\u00f4te des L\u00e9gendes \u00e0 Brignogan-Plages<\/title>\n<meta name=\"description\" content=\"Mentions l\u00e9gales du Camping 3 \u00e9toiles de la C\u00f4te des L\u00e9gendes \u00e0 Plouneour-Brignogan-Plages dans le Finist\u00e8re nord.\" \/>\n<meta name=\"robots\" content=\"noindex, follow\" \/>\n<meta property=\"og:locale\" content=\"en_GB\" \/>\n<meta property=\"og:type\" content=\"article\" \/>\n<meta property=\"og:title\" content=\"Mentions l\u00e9gales | Camping C\u00f4te des L\u00e9gendes \u00e0 Brignogan-Plages\" \/>\n<meta property=\"og:description\" content=\"Mentions l\u00e9gales du Camping 3 \u00e9toiles de la C\u00f4te des L\u00e9gendes \u00e0 Plouneour-Brignogan-Plages dans le Finist\u00e8re nord.\" \/>\n<meta property=\"og:url\" content=\"https:\/\/www.campingcotedeslegendes.com\/en\/legal-information\/\" \/>\n<meta property=\"og:site_name\" content=\"cote-des-legendes\" \/>\n<meta property=\"article:publisher\" content=\"https:\/\/www.facebook.com\/CampingCotedesLegendes\" \/>\n<meta property=\"article:modified_time\" content=\"2024-10-28T13:58:57+00:00\" \/>\n<meta property=\"og:image\" content=\"https:\/\/www.campingcotedeslegendes.com\/wp-content\/uploads\/2024\/10\/camping_cote_de_legendes_chalet_1_chambre_drone-scaled.webp\" \/>\n\t<meta property=\"og:image:width\" content=\"2560\" \/>\n\t<meta property=\"og:image:height\" content=\"1440\" \/>\n\t<meta property=\"og:image:type\" content=\"image\/webp\" \/>\n<meta name=\"twitter:card\" content=\"summary_large_image\" \/>\n<meta name=\"twitter:label1\" content=\"Estimated reading time\" \/>\n\t<meta name=\"twitter:data1\" content=\"3 minutes\" \/>\n<script type=\"application\/ld+json\" class=\"yoast-schema-graph\">{\"@context\":\"https:\/\/schema.org\",\"@graph\":[{\"@type\":\"WebPage\",\"@id\":\"https:\/\/www.campingcotedeslegendes.com\/en\/legal-information\/\",\"url\":\"https:\/\/www.campingcotedeslegendes.com\/en\/legal-information\/\",\"name\":\"Mentions l\u00e9gales | Camping C\u00f4te des L\u00e9gendes \u00e0 Brignogan-Plages\",\"isPartOf\":{\"@id\":\"https:\/\/www.campingcotedeslegendes.com\/en\/#website\"},\"primaryImageOfPage\":{\"@id\":\"https:\/\/www.campingcotedeslegendes.com\/en\/legal-information\/#primaryimage\"},\"image\":{\"@id\":\"https:\/\/www.campingcotedeslegendes.com\/en\/legal-information\/#primaryimage\"},\"thumbnailUrl\":\"https:\/\/www.campingcotedeslegendes.com\/wp-content\/uploads\/2024\/10\/camping_cote_de_legendes_chalet_1_chambre_drone-scaled.webp\",\"datePublished\":\"2024-10-22T08:40:55+00:00\",\"dateModified\":\"2024-10-28T13:58:57+00:00\",\"description\":\"Mentions l\u00e9gales du Camping 3 \u00e9toiles de la C\u00f4te des L\u00e9gendes \u00e0 Plouneour-Brignogan-Plages dans le Finist\u00e8re nord.\",\"breadcrumb\":{\"@id\":\"https:\/\/www.campingcotedeslegendes.com\/en\/legal-information\/#breadcrumb\"},\"inLanguage\":\"en-GB\",\"potentialAction\":[{\"@type\":\"ReadAction\",\"target\":[\"https:\/\/www.campingcotedeslegendes.com\/en\/legal-information\/\"]}]},{\"@type\":\"ImageObject\",\"inLanguage\":\"en-GB\",\"@id\":\"https:\/\/www.campingcotedeslegendes.com\/en\/legal-information\/#primaryimage\",\"url\":\"https:\/\/www.campingcotedeslegendes.com\/wp-content\/uploads\/2024\/10\/camping_cote_de_legendes_chalet_1_chambre_drone-scaled.webp\",\"contentUrl\":\"https:\/\/www.campingcotedeslegendes.com\/wp-content\/uploads\/2024\/10\/camping_cote_de_legendes_chalet_1_chambre_drone-scaled.webp\",\"width\":2560,\"height\":1440},{\"@type\":\"BreadcrumbList\",\"@id\":\"https:\/\/www.campingcotedeslegendes.com\/en\/legal-information\/#breadcrumb\",\"itemListElement\":[{\"@type\":\"ListItem\",\"position\":1,\"name\":\"Camping \u00e0 Brignogan-Plages\",\"item\":\"https:\/\/www.campingcotedeslegendes.com\/\"},{\"@type\":\"ListItem\",\"position\":2,\"name\":\"Mentions l\u00e9gales\"}]},{\"@type\":\"WebSite\",\"@id\":\"https:\/\/www.campingcotedeslegendes.com\/en\/#website\",\"url\":\"https:\/\/www.campingcotedeslegendes.com\/en\/\",\"name\":\"Camping de la C\u00f4te des L\u00e9gendes\",\"description\":\"\",\"publisher\":{\"@id\":\"https:\/\/www.campingcotedeslegendes.com\/en\/#organization\"},\"potentialAction\":[{\"@type\":\"SearchAction\",\"target\":{\"@type\":\"EntryPoint\",\"urlTemplate\":\"https:\/\/www.campingcotedeslegendes.com\/en\/?s={search_term_string}\"},\"query-input\":{\"@type\":\"PropertyValueSpecification\",\"valueRequired\":true,\"valueName\":\"search_term_string\"}}],\"inLanguage\":\"en-GB\"},{\"@type\":\"Organization\",\"@id\":\"https:\/\/www.campingcotedeslegendes.com\/en\/#organization\",\"name\":\"Camping de la C\u00f4te des L\u00e9gendes\",\"url\":\"https:\/\/www.campingcotedeslegendes.com\/en\/\",\"logo\":{\"@type\":\"ImageObject\",\"inLanguage\":\"en-GB\",\"@id\":\"https:\/\/www.campingcotedeslegendes.com\/en\/#\/schema\/logo\/image\/\",\"url\":\"https:\/\/www.campingcotedeslegendes.com\/wp-content\/uploads\/2024\/06\/logo-header.png\",\"contentUrl\":\"https:\/\/www.campingcotedeslegendes.com\/wp-content\/uploads\/2024\/06\/logo-header.png\",\"width\":209,\"height\":111,\"caption\":\"Camping de la C\u00f4te des L\u00e9gendes\"},\"image\":{\"@id\":\"https:\/\/www.campingcotedeslegendes.com\/en\/#\/schema\/logo\/image\/\"},\"sameAs\":[\"https:\/\/www.facebook.com\/CampingCotedesLegendes\"]}]}<\/script>\n<!-- \/ Yoast SEO plugin. -->","yoast_head_json":{"title":"Mentions l\u00e9gales | Camping C\u00f4te des L\u00e9gendes \u00e0 Brignogan-Plages","description":"Mentions l\u00e9gales du Camping 3 \u00e9toiles de la C\u00f4te des L\u00e9gendes \u00e0 Plouneour-Brignogan-Plages dans le Finist\u00e8re nord.","robots":{"index":"noindex","follow":"follow"},"og_locale":"en_GB","og_type":"article","og_title":"Mentions l\u00e9gales | Camping C\u00f4te des L\u00e9gendes \u00e0 Brignogan-Plages","og_description":"Mentions l\u00e9gales du Camping 3 \u00e9toiles de la C\u00f4te des L\u00e9gendes \u00e0 Plouneour-Brignogan-Plages dans le Finist\u00e8re nord.","og_url":"https:\/\/www.campingcotedeslegendes.com\/en\/legal-information\/","og_site_name":"cote-des-legendes","article_publisher":"https:\/\/www.facebook.com\/CampingCotedesLegendes","article_modified_time":"2024-10-28T13:58:57+00:00","og_image":[{"width":2560,"height":1440,"url":"https:\/\/www.campingcotedeslegendes.com\/wp-content\/uploads\/2024\/10\/camping_cote_de_legendes_chalet_1_chambre_drone-scaled.webp","type":"image\/webp"}],"twitter_card":"summary_large_image","twitter_misc":{"Estimated reading time":"3 minutes"},"schema":{"@context":"https:\/\/schema.org","@graph":[{"@type":"WebPage","@id":"https:\/\/www.campingcotedeslegendes.com\/en\/legal-information\/","url":"https:\/\/www.campingcotedeslegendes.com\/en\/legal-information\/","name":"Mentions l\u00e9gales | Camping C\u00f4te des L\u00e9gendes \u00e0 Brignogan-Plages","isPartOf":{"@id":"https:\/\/www.campingcotedeslegendes.com\/en\/#website"},"primaryImageOfPage":{"@id":"https:\/\/www.campingcotedeslegendes.com\/en\/legal-information\/#primaryimage"},"image":{"@id":"https:\/\/www.campingcotedeslegendes.com\/en\/legal-information\/#primaryimage"},"thumbnailUrl":"https:\/\/www.campingcotedeslegendes.com\/wp-content\/uploads\/2024\/10\/camping_cote_de_legendes_chalet_1_chambre_drone-scaled.webp","datePublished":"2024-10-22T08:40:55+00:00","dateModified":"2024-10-28T13:58:57+00:00","description":"Mentions l\u00e9gales du Camping 3 \u00e9toiles de la C\u00f4te des L\u00e9gendes \u00e0 Plouneour-Brignogan-Plages dans le Finist\u00e8re nord.","breadcrumb":{"@id":"https:\/\/www.campingcotedeslegendes.com\/en\/legal-information\/#breadcrumb"},"inLanguage":"en-GB","potentialAction":[{"@type":"ReadAction","target":["https:\/\/www.campingcotedeslegendes.com\/en\/legal-information\/"]}]},{"@type":"ImageObject","inLanguage":"en-GB","@id":"https:\/\/www.campingcotedeslegendes.com\/en\/legal-information\/#primaryimage","url":"https:\/\/www.campingcotedeslegendes.com\/wp-content\/uploads\/2024\/10\/camping_cote_de_legendes_chalet_1_chambre_drone-scaled.webp","contentUrl":"https:\/\/www.campingcotedeslegendes.com\/wp-content\/uploads\/2024\/10\/camping_cote_de_legendes_chalet_1_chambre_drone-scaled.webp","width":2560,"height":1440},{"@type":"BreadcrumbList","@id":"https:\/\/www.campingcotedeslegendes.com\/en\/legal-information\/#breadcrumb","itemListElement":[{"@type":"ListItem","position":1,"name":"Camping \u00e0 Brignogan-Plages","item":"https:\/\/www.campingcotedeslegendes.com\/"},{"@type":"ListItem","position":2,"name":"Mentions l\u00e9gales"}]},{"@type":"WebSite","@id":"https:\/\/www.campingcotedeslegendes.com\/en\/#website","url":"https:\/\/www.campingcotedeslegendes.com\/en\/","name":"Camping de la C\u00f4te des L\u00e9gendes","description":"","publisher":{"@id":"https:\/\/www.campingcotedeslegendes.com\/en\/#organization"},"potentialAction":[{"@type":"SearchAction","target":{"@type":"EntryPoint","urlTemplate":"https:\/\/www.campingcotedeslegendes.com\/en\/?s={search_term_string}"},"query-input":{"@type":"PropertyValueSpecification","valueRequired":true,"valueName":"search_term_string"}}],"inLanguage":"en-GB"},{"@type":"Organization","@id":"https:\/\/www.campingcotedeslegendes.com\/en\/#organization","name":"Camping de la C\u00f4te des L\u00e9gendes","url":"https:\/\/www.campingcotedeslegendes.com\/en\/","logo":{"@type":"ImageObject","inLanguage":"en-GB","@id":"https:\/\/www.campingcotedeslegendes.com\/en\/#\/schema\/logo\/image\/","url":"https:\/\/www.campingcotedeslegendes.com\/wp-content\/uploads\/2024\/06\/logo-header.png","contentUrl":"https:\/\/www.campingcotedeslegendes.com\/wp-content\/uploads\/2024\/06\/logo-header.png","width":209,"height":111,"caption":"Camping de la C\u00f4te des L\u00e9gendes"},"image":{"@id":"https:\/\/www.campingcotedeslegendes.com\/en\/#\/schema\/logo\/image\/"},"sameAs":["https:\/\/www.facebook.com\/CampingCotedesLegendes"]}]}},"_links":{"self":[{"href":"https:\/\/www.campingcotedeslegendes.com\/en\/wp-json\/wp\/v2\/pages\/2318","targetHints":{"allow":["GET"]}}],"collection":[{"href":"https:\/\/www.campingcotedeslegendes.com\/en\/wp-json\/wp\/v2\/pages"}],"about":[{"href":"https:\/\/www.campingcotedeslegendes.com\/en\/wp-json\/wp\/v2\/types\/page"}],"author":[{"embeddable":true,"href":"https:\/\/www.campingcotedeslegendes.com\/en\/wp-json\/wp\/v2\/users\/1"}],"replies":[{"embeddable":true,"href":"https:\/\/www.campingcotedeslegendes.com\/en\/wp-json\/wp\/v2\/comments?post=2318"}],"version-history":[{"count":5,"href":"https:\/\/www.campingcotedeslegendes.com\/en\/wp-json\/wp\/v2\/pages\/2318\/revisions"}],"predecessor-version":[{"id":2560,"href":"https:\/\/www.campingcotedeslegendes.com\/en\/wp-json\/wp\/v2\/pages\/2318\/revisions\/2560"}],"wp:featuredmedia":[{"embeddable":true,"href":"https:\/\/www.campingcotedeslegendes.com\/en\/wp-json\/wp\/v2\/media\/1638"}],"wp:attachment":[{"href":"https:\/\/www.campingcotedeslegendes.com\/en\/wp-json\/wp\/v2\/media?parent=2318"}],"curies":[{"name":"wp","href":"https:\/\/api.w.org\/{rel}","templated":true}]}}