{"id":1509,"date":"2024-10-16T11:59:50","date_gmt":"2024-10-16T09:59:50","guid":{"rendered":"https:\/\/cdl.dev-shd.fr\/?page_id=1509"},"modified":"2024-12-16T11:54:18","modified_gmt":"2024-12-16T09:54:18","slug":"avis-clients","status":"publish","type":"page","link":"https:\/\/www.campingcotedeslegendes.com\/en\/customer-reviews\/","title":{"rendered":"Avis clients"},"content":{"rendered":"<div class='breakdance'><section class=\"bde-section-1509-100 bde-section\">\n  \n\t\n\n\n\n<div class=\"section-container\"><\/div>\n<\/section><section class=\"bde-section-1509-103 bde-section\">\n  \n\t\n\n\n\n<div class=\"section-container\"><div class=\"bde-div-1509-108 bde-div\">\n  \n\t\n\n\n\n<h1 class=\"bde-heading-1509-109 bde-heading\">\nOpinion of Our Campers about Campsite de la C\u00f4te des L\u00e9gendes\n<\/h1><div class=\"bde-rich-text-1509-706 bde-rich-text breakdance-rich-text-styles\">\n<p>Find out what our campers think of their stay at Camping de la C\u00f4te des L\u00e9gendes.<br \/><br \/>We are proud of the experience we offer our guests and always appreciate their feedback. <br \/><br \/>Here are some of the opinions we have received:<\/p>\n<\/div><div class=\"bde-columns-1509-716 bde-columns\"><div class=\"bde-column-1509-717 bde-column\">\n  \n\t\n\n\n\n<a class=\"bde-container-link-1509-715 bde-container-link breakdance-link\" href=\"https:\/\/www.google.com\/travel\/search?gsas=1&amp;ts=EggKAggDCgIIAxocEhoSFAoHCOgPEAwYERIHCOgPEAwYEhgBMgIQAA&amp;qs=MhRDZ3NJbmVyX181dVh5LUhjQVJBQjgC&amp;ap=ugEHcmV2aWV3cw&amp;hl=fr-FR&amp;ved=0CAAQ5JsGahcKEwiIl7eX-quKAxUAAAAAHQAAAAAQDg\" target=\"_blank\" data-type=\"url\">\n  \n\t\n\n\n\n<img decoding=\"async\" class=\"bde-image2-1509-714 bde-image2\" src=\"https:\/\/www.campingcotedeslegendes.com\/wp-content\/uploads\/2024\/12\/googole-avis.png\" loading=\"lazy\" srcset=\"https:\/\/www.campingcotedeslegendes.com\/wp-content\/uploads\/2024\/12\/googole-avis.png 200w, https:\/\/www.campingcotedeslegendes.com\/wp-content\/uploads\/2024\/12\/googole-avis-150x150.png 150w, https:\/\/www.campingcotedeslegendes.com\/wp-content\/uploads\/2024\/12\/googole-avis-12x12.png 12w\" sizes=\"(max-width: 200px) 100vw, 200px\"><\/img>\n\n<\/a>\n<\/div><div class=\"bde-column-1509-718 bde-column\">\n  \n\t\n\n\n\n<a class=\"bde-container-link-1509-722 bde-container-link breakdance-link\" href=\"https:\/\/www.tripadvisor.fr\/Hotel_Review-g676345-d7790241-Reviews-Camping_de_la_Cote_des_Legendes-Brignogan_Plage_Finistere_Brittany.html\" target=\"_blank\" data-type=\"url\">\n  \n\t\n\n\n\n<img decoding=\"async\" class=\"bde-image2-1509-723 bde-image2\" src=\"https:\/\/www.campingcotedeslegendes.com\/wp-content\/uploads\/2024\/12\/tripadvisor.png\" loading=\"lazy\" srcset=\"https:\/\/www.campingcotedeslegendes.com\/wp-content\/uploads\/2024\/12\/tripadvisor.png 200w, https:\/\/www.campingcotedeslegendes.com\/wp-content\/uploads\/2024\/12\/tripadvisor-150x150.png 150w, https:\/\/www.campingcotedeslegendes.com\/wp-content\/uploads\/2024\/12\/tripadvisor-12x12.png 12w\" sizes=\"(max-width: 200px) 100vw, 200px\"><\/img>\n\n<\/a>\n<\/div><div class=\"bde-column-1509-719 bde-column\">\n  \n\t\n\n\n\n<a class=\"bde-container-link-1509-724 bde-container-link breakdance-link\" href=\"https:\/\/www.booking.com\/hotel\/fr\/camping-de-la-cote-des-legendes.fr.html#tab-main\" target=\"_blank\" data-type=\"url\">\n  \n\t\n\n\n\n<img decoding=\"async\" class=\"bde-image2-1509-725 bde-image2\" src=\"https:\/\/www.campingcotedeslegendes.com\/wp-content\/uploads\/2024\/12\/booking.png\" loading=\"lazy\" srcset=\"https:\/\/www.campingcotedeslegendes.com\/wp-content\/uploads\/2024\/12\/booking.png 200w, https:\/\/www.campingcotedeslegendes.com\/wp-content\/uploads\/2024\/12\/booking-150x150.png 150w, https:\/\/www.campingcotedeslegendes.com\/wp-content\/uploads\/2024\/12\/booking-12x12.png 12w\" sizes=\"(max-width: 200px) 100vw, 200px\"><\/img>\n\n<\/a>\n<\/div><\/div><div class=\"bde-code-block-1509-713 bde-code-block\">\n\n  <ctv-reviews-list ><\/ctv-reviews-list>\n\n\n<\/div>\n<\/div><div class=\"bde-globalblock-1509-174 bde-globalblock\">\n<div class='breakdance'><section class=\"bde-section-779-100-779-1 bde-section bde-section-779-100\">\n  \n\t\n\n\n\n<div class=\"section-container\"><div class=\"bde-div-779-108-779-1 bde-div bde-div-779-108\">\n  \n\t\n\n\n\n<div class=\"bde-columns-779-101-779-1 bde-columns bde-columns-779-101\"><div class=\"bde-column-779-102-779-1 bde-column bde-column-779-102\">\n  \n\t\n\n\n\n<div class=\"bde-div-779-105-779-1 bde-div bde-div-779-105\">\n  \n\t\n\n\n\n<div class=\"bde-text-779-106-779-1 bde-text bde-text-779-106\">\nQUESTIONS\n<\/div><div class=\"bde-text-779-107-779-1 bde-text bde-text-779-107\">\nor for more details\n<\/div>\n<\/div>\n<\/div><div class=\"bde-column-779-103-779-1 bde-column bde-column-779-103\">\n  \n\t\n\n\n\n<div class=\"bde-button-779-104-779-1 bde-button bde-button-779-104\">\n    \n                                    \n    \n    \n    \n    \n            \n                    \n            \n            \n\n    \n    \n    \n    \n    \n    <a class=\"breakdance-link button-atom button-atom--primary bde-button__button\" href=\"https:\/\/www.campingcotedeslegendes.com\/en\/contact-access\/\" target=\"_self\" data-type=\"url\"  >\n\n    \n        <span class=\"button-atom__text\">Write to us<\/span>\n\n        \n        \n                <\/a>\n\n    \n\n\n<\/div>\n<\/div><\/div>\n<\/div><\/div>\n<\/section><\/div>\n<\/div><\/div>\n<\/section><\/div>","protected":false},"excerpt":{"rendered":"<p>Avis de Nos Campeurs sur le Camping de la C\u00f4te des L\u00e9gendes D\u00e9couvrez ce que pensent nos campeurs de leur s\u00e9jour au Camping de la C\u00f4te des L\u00e9gendes.Nous sommes fiers de l&rsquo;exp\u00e9rience que nous offrons \u00e0 nos vacanciers et nous appr\u00e9cions toujours leurs commentaires. Voici quelques-uns des avis que nous avons re\u00e7us : DES QUESTIONS [&hellip;]<\/p>","protected":false},"author":1,"featured_media":1638,"parent":0,"menu_order":0,"comment_status":"closed","ping_status":"closed","template":"","meta":{"_acf_changed":false,"_breakdance_hide_in_design_set":false,"_breakdance_tags":"","footnotes":""},"class_list":["post-1509","page","type-page","status-publish","has-post-thumbnail","hentry"],"acf":[],"yoast_head":"<!-- This site is optimized with the Yoast SEO plugin v24.1 - https:\/\/yoast.com\/wordpress\/plugins\/seo\/ -->\n<title>Avis du camping C\u00f4te des L\u00e9gendes \u00e0 Brignogan-Plages<\/title>\n<meta name=\"description\" content=\"D\u00e9couvrez le meilleur camping \u00e0 Brignogan-Plages : Camping C\u00f4te des L\u00e9gendes. D\u00e9couvrez pourquoi les vacanciers nous choisissent.\" \/>\n<meta name=\"robots\" content=\"index, follow, max-snippet:-1, max-image-preview:large, max-video-preview:-1\" \/>\n<link rel=\"canonical\" href=\"https:\/\/www.campingcotedeslegendes.com\/en\/customer-reviews\/\" \/>\n<meta property=\"og:locale\" content=\"en_GB\" \/>\n<meta property=\"og:type\" content=\"article\" \/>\n<meta property=\"og:title\" content=\"Avis du camping C\u00f4te des L\u00e9gendes \u00e0 Brignogan-Plages\" \/>\n<meta property=\"og:description\" content=\"D\u00e9couvrez le meilleur camping \u00e0 Brignogan-Plages : Camping C\u00f4te des L\u00e9gendes. D\u00e9couvrez pourquoi les vacanciers nous choisissent.\" \/>\n<meta property=\"og:url\" content=\"https:\/\/www.campingcotedeslegendes.com\/en\/customer-reviews\/\" \/>\n<meta property=\"og:site_name\" content=\"cote-des-legendes\" \/>\n<meta property=\"article:publisher\" content=\"https:\/\/www.facebook.com\/CampingCotedesLegendes\" \/>\n<meta property=\"article:modified_time\" content=\"2024-12-16T09:54:18+00:00\" \/>\n<meta property=\"og:image\" content=\"https:\/\/www.campingcotedeslegendes.com\/wp-content\/uploads\/2024\/10\/camping_cote_de_legendes_chalet_1_chambre_drone-scaled.webp\" \/>\n\t<meta property=\"og:image:width\" content=\"2560\" \/>\n\t<meta property=\"og:image:height\" content=\"1440\" \/>\n\t<meta property=\"og:image:type\" content=\"image\/webp\" \/>\n<meta name=\"twitter:card\" content=\"summary_large_image\" \/>\n<meta name=\"twitter:label1\" content=\"Estimated reading time\" \/>\n\t<meta name=\"twitter:data1\" content=\"1 minute\" \/>\n<script type=\"application\/ld+json\" class=\"yoast-schema-graph\">{\"@context\":\"https:\/\/schema.org\",\"@graph\":[{\"@type\":\"WebPage\",\"@id\":\"https:\/\/www.campingcotedeslegendes.com\/en\/customer-reviews\/\",\"url\":\"https:\/\/www.campingcotedeslegendes.com\/en\/customer-reviews\/\",\"name\":\"Avis du camping C\u00f4te des L\u00e9gendes \u00e0 Brignogan-Plages\",\"isPartOf\":{\"@id\":\"https:\/\/www.campingcotedeslegendes.com\/en\/#website\"},\"primaryImageOfPage\":{\"@id\":\"https:\/\/www.campingcotedeslegendes.com\/en\/customer-reviews\/#primaryimage\"},\"image\":{\"@id\":\"https:\/\/www.campingcotedeslegendes.com\/en\/customer-reviews\/#primaryimage\"},\"thumbnailUrl\":\"https:\/\/www.campingcotedeslegendes.com\/wp-content\/uploads\/2024\/10\/camping_cote_de_legendes_chalet_1_chambre_drone-scaled.webp\",\"datePublished\":\"2024-10-16T09:59:50+00:00\",\"dateModified\":\"2024-12-16T09:54:18+00:00\",\"description\":\"D\u00e9couvrez le meilleur camping \u00e0 Brignogan-Plages : Camping C\u00f4te des L\u00e9gendes. D\u00e9couvrez pourquoi les vacanciers nous choisissent.\",\"breadcrumb\":{\"@id\":\"https:\/\/www.campingcotedeslegendes.com\/en\/customer-reviews\/#breadcrumb\"},\"inLanguage\":\"en-GB\",\"potentialAction\":[{\"@type\":\"ReadAction\",\"target\":[\"https:\/\/www.campingcotedeslegendes.com\/en\/customer-reviews\/\"]}]},{\"@type\":\"ImageObject\",\"inLanguage\":\"en-GB\",\"@id\":\"https:\/\/www.campingcotedeslegendes.com\/en\/customer-reviews\/#primaryimage\",\"url\":\"https:\/\/www.campingcotedeslegendes.com\/wp-content\/uploads\/2024\/10\/camping_cote_de_legendes_chalet_1_chambre_drone-scaled.webp\",\"contentUrl\":\"https:\/\/www.campingcotedeslegendes.com\/wp-content\/uploads\/2024\/10\/camping_cote_de_legendes_chalet_1_chambre_drone-scaled.webp\",\"width\":2560,\"height\":1440},{\"@type\":\"BreadcrumbList\",\"@id\":\"https:\/\/www.campingcotedeslegendes.com\/en\/customer-reviews\/#breadcrumb\",\"itemListElement\":[{\"@type\":\"ListItem\",\"position\":1,\"name\":\"Camping \u00e0 Brignogan-Plages\",\"item\":\"https:\/\/www.campingcotedeslegendes.com\/\"},{\"@type\":\"ListItem\",\"position\":2,\"name\":\"Avis\"}]},{\"@type\":\"WebSite\",\"@id\":\"https:\/\/www.campingcotedeslegendes.com\/en\/#website\",\"url\":\"https:\/\/www.campingcotedeslegendes.com\/en\/\",\"name\":\"Camping de la C\u00f4te des L\u00e9gendes\",\"description\":\"\",\"publisher\":{\"@id\":\"https:\/\/www.campingcotedeslegendes.com\/en\/#organization\"},\"potentialAction\":[{\"@type\":\"SearchAction\",\"target\":{\"@type\":\"EntryPoint\",\"urlTemplate\":\"https:\/\/www.campingcotedeslegendes.com\/en\/?s={search_term_string}\"},\"query-input\":{\"@type\":\"PropertyValueSpecification\",\"valueRequired\":true,\"valueName\":\"search_term_string\"}}],\"inLanguage\":\"en-GB\"},{\"@type\":\"Organization\",\"@id\":\"https:\/\/www.campingcotedeslegendes.com\/en\/#organization\",\"name\":\"Camping de la C\u00f4te des L\u00e9gendes\",\"url\":\"https:\/\/www.campingcotedeslegendes.com\/en\/\",\"logo\":{\"@type\":\"ImageObject\",\"inLanguage\":\"en-GB\",\"@id\":\"https:\/\/www.campingcotedeslegendes.com\/en\/#\/schema\/logo\/image\/\",\"url\":\"https:\/\/www.campingcotedeslegendes.com\/wp-content\/uploads\/2024\/06\/logo-header.png\",\"contentUrl\":\"https:\/\/www.campingcotedeslegendes.com\/wp-content\/uploads\/2024\/06\/logo-header.png\",\"width\":209,\"height\":111,\"caption\":\"Camping de la C\u00f4te des L\u00e9gendes\"},\"image\":{\"@id\":\"https:\/\/www.campingcotedeslegendes.com\/en\/#\/schema\/logo\/image\/\"},\"sameAs\":[\"https:\/\/www.facebook.com\/CampingCotedesLegendes\"]}]}<\/script>\n<!-- \/ Yoast SEO plugin. -->","yoast_head_json":{"title":"Avis du camping C\u00f4te des L\u00e9gendes \u00e0 Brignogan-Plages","description":"D\u00e9couvrez le meilleur camping \u00e0 Brignogan-Plages : Camping C\u00f4te des L\u00e9gendes. D\u00e9couvrez pourquoi les vacanciers nous choisissent.","robots":{"index":"index","follow":"follow","max-snippet":"max-snippet:-1","max-image-preview":"max-image-preview:large","max-video-preview":"max-video-preview:-1"},"canonical":"https:\/\/www.campingcotedeslegendes.com\/en\/customer-reviews\/","og_locale":"en_GB","og_type":"article","og_title":"Avis du camping C\u00f4te des L\u00e9gendes \u00e0 Brignogan-Plages","og_description":"D\u00e9couvrez le meilleur camping \u00e0 Brignogan-Plages : Camping C\u00f4te des L\u00e9gendes. D\u00e9couvrez pourquoi les vacanciers nous choisissent.","og_url":"https:\/\/www.campingcotedeslegendes.com\/en\/customer-reviews\/","og_site_name":"cote-des-legendes","article_publisher":"https:\/\/www.facebook.com\/CampingCotedesLegendes","article_modified_time":"2024-12-16T09:54:18+00:00","og_image":[{"width":2560,"height":1440,"url":"https:\/\/www.campingcotedeslegendes.com\/wp-content\/uploads\/2024\/10\/camping_cote_de_legendes_chalet_1_chambre_drone-scaled.webp","type":"image\/webp"}],"twitter_card":"summary_large_image","twitter_misc":{"Estimated reading time":"1 minute"},"schema":{"@context":"https:\/\/schema.org","@graph":[{"@type":"WebPage","@id":"https:\/\/www.campingcotedeslegendes.com\/en\/customer-reviews\/","url":"https:\/\/www.campingcotedeslegendes.com\/en\/customer-reviews\/","name":"Avis du camping C\u00f4te des L\u00e9gendes \u00e0 Brignogan-Plages","isPartOf":{"@id":"https:\/\/www.campingcotedeslegendes.com\/en\/#website"},"primaryImageOfPage":{"@id":"https:\/\/www.campingcotedeslegendes.com\/en\/customer-reviews\/#primaryimage"},"image":{"@id":"https:\/\/www.campingcotedeslegendes.com\/en\/customer-reviews\/#primaryimage"},"thumbnailUrl":"https:\/\/www.campingcotedeslegendes.com\/wp-content\/uploads\/2024\/10\/camping_cote_de_legendes_chalet_1_chambre_drone-scaled.webp","datePublished":"2024-10-16T09:59:50+00:00","dateModified":"2024-12-16T09:54:18+00:00","description":"D\u00e9couvrez le meilleur camping \u00e0 Brignogan-Plages : Camping C\u00f4te des L\u00e9gendes. D\u00e9couvrez pourquoi les vacanciers nous choisissent.","breadcrumb":{"@id":"https:\/\/www.campingcotedeslegendes.com\/en\/customer-reviews\/#breadcrumb"},"inLanguage":"en-GB","potentialAction":[{"@type":"ReadAction","target":["https:\/\/www.campingcotedeslegendes.com\/en\/customer-reviews\/"]}]},{"@type":"ImageObject","inLanguage":"en-GB","@id":"https:\/\/www.campingcotedeslegendes.com\/en\/customer-reviews\/#primaryimage","url":"https:\/\/www.campingcotedeslegendes.com\/wp-content\/uploads\/2024\/10\/camping_cote_de_legendes_chalet_1_chambre_drone-scaled.webp","contentUrl":"https:\/\/www.campingcotedeslegendes.com\/wp-content\/uploads\/2024\/10\/camping_cote_de_legendes_chalet_1_chambre_drone-scaled.webp","width":2560,"height":1440},{"@type":"BreadcrumbList","@id":"https:\/\/www.campingcotedeslegendes.com\/en\/customer-reviews\/#breadcrumb","itemListElement":[{"@type":"ListItem","position":1,"name":"Camping \u00e0 Brignogan-Plages","item":"https:\/\/www.campingcotedeslegendes.com\/"},{"@type":"ListItem","position":2,"name":"Avis"}]},{"@type":"WebSite","@id":"https:\/\/www.campingcotedeslegendes.com\/en\/#website","url":"https:\/\/www.campingcotedeslegendes.com\/en\/","name":"Camping de la C\u00f4te des L\u00e9gendes","description":"","publisher":{"@id":"https:\/\/www.campingcotedeslegendes.com\/en\/#organization"},"potentialAction":[{"@type":"SearchAction","target":{"@type":"EntryPoint","urlTemplate":"https:\/\/www.campingcotedeslegendes.com\/en\/?s={search_term_string}"},"query-input":{"@type":"PropertyValueSpecification","valueRequired":true,"valueName":"search_term_string"}}],"inLanguage":"en-GB"},{"@type":"Organization","@id":"https:\/\/www.campingcotedeslegendes.com\/en\/#organization","name":"Camping de la C\u00f4te des L\u00e9gendes","url":"https:\/\/www.campingcotedeslegendes.com\/en\/","logo":{"@type":"ImageObject","inLanguage":"en-GB","@id":"https:\/\/www.campingcotedeslegendes.com\/en\/#\/schema\/logo\/image\/","url":"https:\/\/www.campingcotedeslegendes.com\/wp-content\/uploads\/2024\/06\/logo-header.png","contentUrl":"https:\/\/www.campingcotedeslegendes.com\/wp-content\/uploads\/2024\/06\/logo-header.png","width":209,"height":111,"caption":"Camping de la C\u00f4te des L\u00e9gendes"},"image":{"@id":"https:\/\/www.campingcotedeslegendes.com\/en\/#\/schema\/logo\/image\/"},"sameAs":["https:\/\/www.facebook.com\/CampingCotedesLegendes"]}]}},"_links":{"self":[{"href":"https:\/\/www.campingcotedeslegendes.com\/en\/wp-json\/wp\/v2\/pages\/1509","targetHints":{"allow":["GET"]}}],"collection":[{"href":"https:\/\/www.campingcotedeslegendes.com\/en\/wp-json\/wp\/v2\/pages"}],"about":[{"href":"https:\/\/www.campingcotedeslegendes.com\/en\/wp-json\/wp\/v2\/types\/page"}],"author":[{"embeddable":true,"href":"https:\/\/www.campingcotedeslegendes.com\/en\/wp-json\/wp\/v2\/users\/1"}],"replies":[{"embeddable":true,"href":"https:\/\/www.campingcotedeslegendes.com\/en\/wp-json\/wp\/v2\/comments?post=1509"}],"version-history":[{"count":14,"href":"https:\/\/www.campingcotedeslegendes.com\/en\/wp-json\/wp\/v2\/pages\/1509\/revisions"}],"predecessor-version":[{"id":3173,"href":"https:\/\/www.campingcotedeslegendes.com\/en\/wp-json\/wp\/v2\/pages\/1509\/revisions\/3173"}],"wp:featuredmedia":[{"embeddable":true,"href":"https:\/\/www.campingcotedeslegendes.com\/en\/wp-json\/wp\/v2\/media\/1638"}],"wp:attachment":[{"href":"https:\/\/www.campingcotedeslegendes.com\/en\/wp-json\/wp\/v2\/media?parent=1509"}],"curies":[{"name":"wp","href":"https:\/\/api.w.org\/{rel}","templated":true}]}}