{"id":1541,"date":"2024-10-18T12:04:21","date_gmt":"2024-10-18T10:04:21","guid":{"rendered":"https:\/\/cdl.dev-shd.fr\/?page_id=1541"},"modified":"2024-12-10T17:55:47","modified_gmt":"2024-12-10T15:55:47","slug":"contact-acces","status":"publish","type":"page","link":"https:\/\/www.campingcotedeslegendes.com\/de\/kontakt-zugang\/","title":{"rendered":"Contact &#8211; acc\u00e8s"},"content":{"rendered":"<div class='breakdance'><section class=\"bde-section-1541-100 bde-section\">\n  \n\t\n\n\n\n<div class=\"section-container\"><\/div>\n<\/section><section class=\"bde-section-1541-103 bde-section\">\n  \n\t\n\n\n\n<div class=\"section-container\"><div class=\"bde-div-1541-108 bde-div\">\n  \n\t\n\n\n\n<h1 class=\"bde-heading-1541-109 bde-heading\">\nContactez le camping C\u00f4te des L\u00e9gendes :<br><br> Informations et acc\u00e8s\n<\/h1><div class=\"bde-rich-text-1541-657 bde-rich-text breakdance-rich-text-styles\">\n<p>Wir danken Ihnen f\u00fcr Ihr Interesse an unserem Campingplatz in Brignogan-plages im Herzen der C\u00f4te des L\u00e9gendes im Nord-Finist\u00e8re.<br \/><br \/>F\u00fcr alle Informationen \u00fcber Ihren zuk\u00fcnftigen Aufenthalt auf dem Campingplatz der C\u00f4te des L\u00e9gendes, sei es ein Stellplatz f\u00fcr Ihr Zelt, Ihren Wohnwagen oder Ihr Wohnmobil oder die Vermietung von Cottages oder Pfahlh\u00fctten, laden wir Sie ein, sich per E-Mail oder Telefon mit uns in Verbindung zu setzen.<br \/><br \/>Wir werden Ihnen gerne so schnell wie m\u00f6glich antworten.<\/p>\n<\/div>\n<\/div><div class=\"bde-div-1541-665 bde-div\">\n  \n\t\n\n\n\n<div class=\"bde-form-builder-1541-664 bde-form-builder\">\n\n\n<form id=\"formulaire-de-contact664\" class=\"breakdance-form breakdance-form--vertical\" data-options=\"{&quot;slug&quot;:&quot;custom&quot;,&quot;name&quot;:&quot;Formulaire de contact&quot;,&quot;ajaxUrl&quot;:&quot;https:\\\/\\\/www.campingcotedeslegendes.com\\\/wp-admin\\\/admin-ajax.php&quot;,&quot;clearOnSuccess&quot;:true,&quot;hideOnSuccess&quot;:false,&quot;successMessage&quot;:&quot;Votre message \\u00e0 \\u00e9t\\u00e9 envoy\\u00e9&quot;,&quot;errorMessage&quot;:&quot;Il y&#039;a un probl\\u00e8me&quot;,&quot;redirect&quot;:true,&quot;redirectUrl&quot;:&quot;https:\\\/\\\/www.campingcotedeslegendes.com\\\/&quot;,&quot;customJavaScript&quot;:&quot;&quot;,&quot;recaptcha&quot;:{&quot;key&quot;:&quot;&quot;,&quot;enabled&quot;:false},&quot;honeypot_enabled&quot;:false,&quot;popupsOnSuccess&quot;:[],&quot;popupsOnError&quot;:[]}\" data-steps=\"0\" action=\"\" >\n  \n  \n  \n<div class=\"breakdance-form-field breakdance-form-field--text\" >\n    \n    \n            <label class=\"breakdance-form-field__label\" for=\"name\">\n            Name<span class=\"breakdance-form-field__required\">*<\/span>\n        <\/label>\n    \n    <input\n    class=\"breakdance-form-field__input\"\n    id=\"name\"\n    aria-describedby=\"name\"\n    type=\"text\"\n    name=\"fields[name]\"\n    placeholder=\"\"\n    value=\"\"\n                \n        \n        \n    required\n>\n\n\n    \n    \n<\/div>\n\n\n<div class=\"breakdance-form-field breakdance-form-field--email\" >\n    \n    \n            <label class=\"breakdance-form-field__label\" for=\"email\">\n            E-Mail<span class=\"breakdance-form-field__required\">*<\/span>\n        <\/label>\n    \n    <input\n    class=\"breakdance-form-field__input\"\n    id=\"email\"\n    aria-describedby=\"email\"\n    type=\"email\"\n    name=\"fields[email]\"\n    placeholder=\"\"\n    value=\"\"\n                \n        \n        \n    required\n>\n\n\n    \n    \n<\/div>\n\n\n<div class=\"breakdance-form-field breakdance-form-field--textarea\" >\n    \n    \n            <label class=\"breakdance-form-field__label\" for=\"message\">\n            Nachricht<span class=\"breakdance-form-field__required\">*<\/span>\n        <\/label>\n    \n    <textarea\n    class=\"breakdance-form-field__input\"\n    id=\"message\"\n    aria-describedby=\"message\"\n    type=\"textarea\"\n    name=\"fields[message]\"\n        placeholder=\"\"\n    required\n>\n<\/textarea>\n\n\n    \n    \n<\/div>\n\n\n  \n\n<div class=\"breakdance-form-field breakdance-form-footer\">\n    \n    \n                                    \n    \n    \n    \n    \n            \n            <button type=\"submit\" class=\"button-atom button-atom--primary breakdance-form-button breakdance-form-button__submit\"  >\n    \n        <span class=\"button-atom__text\">Senden Sie<\/span>\n\n        \n        \n            <\/button>\n    \n    <input type=\"hidden\" name=\"form_id\" value=\"664\">\n    <input type=\"hidden\" name=\"post_id\" value=\"1541\">\n<\/div>\n\n  \n<input type=\"hidden\" name=\"trp-form-language\" value=\"de\"\/><\/form>\n\n\n\n<\/div>\n<\/div><div class=\"bde-div-1541-667 bde-div adn\">\n              \n  \n\t\n\n  <div class=\"section-background-overlay\"><\/div>\n\n\n<div class=\"bde-div-1541-668 bde-div\">\n  \n\t\n\n\n\n<div class=\"bde-text-1541-669 bde-text\">\n5\n<\/div><div class=\"bde-div-1541-670 bde-div\">\n  \n\t\n\n\n\n<div class=\"bde-div-1541-671 bde-div\">\n  \n\t\n\n\n\n<div class=\"bde-text-1541-672 bde-text\">\nEin \u00f6kologischer und sozialer Ansatz\n<\/div><div class=\"bde-image-1541-673 bde-image\">\n<figure class=\"breakdance-image breakdance-image--960\">\n\t<div class=\"breakdance-image-container\">\n\t\t<div class=\"breakdance-image-clip\"><img decoding=\"async\" class=\"breakdance-image-object\" src=\"https:\/\/www.campingcotedeslegendes.com\/wp-content\/uploads\/2024\/09\/Groupe-80.svg\" width=\"\" height=\"\"><\/div>\n\t<\/div><\/figure>\n\n<\/div>\n<\/div>\n<\/div>\n<\/div><div class=\"bde-div-1541-674 bde-div\">\n  \n\t\n\n\n\n<div class=\"bde-div-1541-676 bde-div\">\n  \n\t\n\n\n\n<div class=\"bde-div-1541-677 bde-div\">\n  \n\t\n\n\n\n<div class=\"bde-div-1541-678 bde-div\">\n  \n\t\n\n\n\n<h2 class=\"bde-heading-1541-478 bde-heading\">\nKontaktieren Sie uns\n<\/h2><div class=\"bde-image-1541-680 bde-image\">\n<figure class=\"breakdance-image breakdance-image--960\">\n\t<div class=\"breakdance-image-container\">\n\t\t<div class=\"breakdance-image-clip\"><img decoding=\"async\" class=\"breakdance-image-object\" src=\"https:\/\/www.campingcotedeslegendes.com\/wp-content\/uploads\/2024\/09\/Groupe-80.svg\" width=\"\" height=\"\"><\/div>\n\t<\/div><\/figure>\n\n<\/div>\n<\/div>\n<\/div>\n<\/div>\n<\/div><div class=\"bde-div-1541-681 bde-div\">\n  \n\t\n\n\n\n<div class=\"bde-advancedslider-1541-682 bde-advancedslider\">\n<div class=\"breakdance-swiper-wrapper\" data-swiper-id=\"682\">\n  <div class=\"swiper\">\n    <div class=\"swiper-wrapper\">\n      <div class=\"bde-advancedslide-1541-683 bde-advancedslide swiper-slide\">\n<div class=\"advanced-slider__slide\">\n  <div class=\"bde-image-1541-686 bde-image\">\n<figure class=\"breakdance-image breakdance-image--2229\">\n\t<div class=\"breakdance-image-container\">\n\t\t<div class=\"breakdance-image-clip\"><img decoding=\"async\" class=\"breakdance-image-object\" src=\"https:\/\/www.campingcotedeslegendes.com\/wp-content\/uploads\/2024\/10\/Slice-5.svg\" width=\"\" height=\"\"><\/div>\n\t<\/div><\/figure>\n\n<\/div><h3 class=\"bde-heading-1541-687 bde-heading\">\nCampingplatz C\u00f4te des L\u00e9gendes\n<\/h3><div class=\"bde-fancy-divider-1541-688 bde-fancy-divider\">\n\n\n<div class=\"bde-fancy-divider__wrapper\">\n  <div class=\"bde-fancy-divider__separator\">\n  \t  <\/div>\n<\/div>\n\n<\/div><div class=\"bde-rich-text-1541-662 bde-rich-text breakdance-rich-text-styles\">\n<p style=\"text-align: center;\">An der C\u00f4te des L\u00e9gendes im Nord-Finist\u00e8re <br \/>Stra\u00dfe Douar Ar Pont <br \/>29890 Ploun\u00e9our-Brignogan-Plages <br \/>C\u00f4te des L\u00e9gendes \/ Finist\u00e8re Nord \/ Bretagne \/ Frankreich <br \/>Telefon: 02 98 83 41 65 <br \/>E-Mail: <a href=\"mailto:contact@campingcotedeslegendes.com\">contact@campingcotedeslegendes.com<\/a><\/p><h2><!-- notionvc: e5bc8846-f812-4834-a09b-3fcdf07a6dcd --><\/h2>\n<\/div>\n<\/div>\n<\/div><div class=\"bde-advancedslide-1541-712 bde-advancedslide swiper-slide\">\n<div class=\"advanced-slider__slide\">\n  <div class=\"bde-image-1541-715 bde-image\">\n<figure class=\"breakdance-image breakdance-image--2229\">\n\t<div class=\"breakdance-image-container\">\n\t\t<div class=\"breakdance-image-clip\"><img decoding=\"async\" class=\"breakdance-image-object\" src=\"https:\/\/www.campingcotedeslegendes.com\/wp-content\/uploads\/2024\/10\/Slice-5.svg\" width=\"\" height=\"\"><\/div>\n\t<\/div><\/figure>\n\n<\/div><h3 class=\"bde-heading-1541-716 bde-heading\">\n\u00d6ffnungszeiten der Rezeption \n<\/h3><div class=\"bde-fancy-divider-1541-717 bde-fancy-divider\">\n\n\n<div class=\"bde-fancy-divider__wrapper\">\n  <div class=\"bde-fancy-divider__separator\">\n  \t  <\/div>\n<\/div>\n\n<\/div><div class=\"bde-rich-text-1541-718 bde-rich-text breakdance-rich-text-styles\">\n<p style=\"text-align: center;\">Au\u00dferhalb der Saison : <br \/>Montag bis Samstag: 9h - 12h \/ 14h - 18h<br \/>am Sonntag: 9h - 12h \/ 15h - 17h <br \/><br \/>In der Saison <br \/>t\u00e4glich: 8:30 - 12:00 Uhr \/ 15:00 - 20:00 Uhr<\/p><p>\u00a0<\/p><h2><!-- notionvc: e5bc8846-f812-4834-a09b-3fcdf07a6dcd --><\/h2>\n<\/div>\n<\/div>\n<\/div>\n    <\/div>\n  <\/div>\n\n              <div class=\"swiper-button-prev\">\n            \n        <\/div>\n        <div class=\"swiper-button-next\">\n            \n        <\/div>\n    \n    \n<\/div>\n\n<\/div>\n<\/div><div class=\"bde-image-1541-711 bde-image\">\n<figure class=\"breakdance-image breakdance-image--1112\">\n\t<div class=\"breakdance-image-container\">\n\t\t<div class=\"breakdance-image-clip\"><img decoding=\"async\" class=\"breakdance-image-object\" src=\"https:\/\/www.campingcotedeslegendes.com\/wp-content\/uploads\/2024\/09\/Groupe-329-1.svg\" width=\"\" height=\"\"><\/div>\n\t<\/div><\/figure>\n\n<\/div>\n<\/div><div class=\"bde-div-1541-330 bde-div services\">\n  \n\t\n\n\n\n<div class=\"bde-div-1541-335 bde-div\">\n  \n\t\n\n\n\n<div class=\"bde-text-1541-336 bde-text\">\n<h2><span class=\"uptitle2\">Wie Sie zu uns kommen<\/span><br>auf dem Campingplatz<\/h2>\n<\/div><div class=\"bde-image-1541-337 bde-image\">\n<figure class=\"breakdance-image breakdance-image--960\">\n\t<div class=\"breakdance-image-container\">\n\t\t<div class=\"breakdance-image-clip\"><img decoding=\"async\" class=\"breakdance-image-object\" src=\"https:\/\/www.campingcotedeslegendes.com\/wp-content\/uploads\/2024\/09\/Groupe-80.svg\" width=\"\" height=\"\"><\/div>\n\t<\/div><\/figure>\n\n<\/div>\n<\/div><div class=\"bde-div-1541-351 bde-div\">\n  \n\t\n\n\n\n<div class=\"bde-div-1541-332 bde-div\">\n  \n\t\n\n\n\n<div class=\"bde-div-1541-334 bde-div\">\n  \n\t\n\n\n\n<div class=\"bde-div-1541-344 bde-div\">\n  \n\t\n\n\n\n<div class=\"bde-columns-1541-727 bde-columns\"><div class=\"bde-column-1541-728 bde-column\">\n  \n\t\n\n\n\n<img decoding=\"async\" class=\"bde-image2-1541-725 bde-image2\" src=\"https:\/\/www.campingcotedeslegendes.com\/wp-content\/uploads\/2024\/12\/AdobeStock_901310720.svg\"><\/img><div class=\"bde-rich-text-1541-721 bde-rich-text breakdance-rich-text-styles\">\n<h4 style=\"text-align: center;\"><strong>Depuis la gare<\/strong> :<br \/><br \/><\/h4><p style=\"text-align: center;\">Einer der n\u00e4chstgelegenen Bahnh\u00f6fe ist der von Brest, der 48 km vom Campingplatz entfernt ist.<br \/><br \/><\/p><p style=\"text-align: center;\">Vom Bahnhof Brest aus k\u00f6nnen Sie den Campingplatz mit dem Bus erreichen, indem Sie die Buslinie 21 nach Lesneven und dann die Linie 24 nach Ploun\u00e9our-Brignogan-Plages nehmen, Haltestelle Brignogan centre (1,5 km vom Campingplatz entfernt).<br \/><br \/><\/p><p style=\"text-align: center;\">Preis des Bustickets: 2.50\u20ac.<br \/>Busfahrpl\u00e4ne Linie 21 + Linie 24 g\u00fcltig bis zum 7. Juli<\/p>\n<\/div>\n<\/div><div class=\"bde-column-1541-729 bde-column\">\n  \n\t\n\n\n\n<img decoding=\"async\" class=\"bde-image2-1541-726 bde-image2\" src=\"https:\/\/www.campingcotedeslegendes.com\/wp-content\/uploads\/2024\/12\/AdobeStock_635639791.svg\"><\/img><div class=\"bde-rich-text-1541-722 bde-rich-text breakdance-rich-text-styles\">\n<h4 style=\"text-align: center;\"><strong>Vom Flughafen :<\/strong><br \/><br \/><\/h4><p style=\"text-align: center;\">Der n\u00e4chstgelegene Flughafen ist der Flughafen Brest Bretagne in Guipavas, der 35 km vom Campingplatz entfernt liegt.<br \/>Vom Flughafen aus ist ein Taxi die beste Option, um zum Campingplatz zu gelangen.<br \/>Richtpreise ab dem Taxistand auf dem Vorplatz vor der Fassade des Terminals :<br \/><br \/><\/p><p style=\"text-align: center;\">- 1,80\u20ac\/km im Tagestarif an Wochentagen<br \/>- 2,60\u20ac\/km im Nachttarif, an Sonn- und Feiertagen.<br \/><br \/><\/p><p style=\"text-align: center;\">\u00a0<\/p>\n<\/div>\n<\/div><div class=\"bde-column-1541-730 bde-column\">\n  \n\t\n\n\n\n<img decoding=\"async\" class=\"bde-image2-1541-731 bde-image2\" src=\"https:\/\/www.campingcotedeslegendes.com\/wp-content\/uploads\/2024\/12\/AdobeStock_1049760227.svg\"><\/img><div class=\"bde-rich-text-1541-732 bde-rich-text breakdance-rich-text-styles\">\n<h4 style=\"text-align: center;\"><strong>Ou alors par bus :<\/strong><br \/><br \/><\/h4><p style=\"text-align: center;\">Nehmen Sie die Linie 20 vom Flughafen zum Porte de Gouesnou, dann die Linie 21 nach Lesneven und schlie\u00dflich die Linie 24 nach Ploun\u00e9our-Brignogan-plages, Haltestelle Brignogan centre. (1,5 km vom Campingplatz entfernt).<br \/><br \/><\/p><p style=\"text-align: center;\">Busfahrpl\u00e4ne Linie 21 + Linie 24 g\u00fcltig bis zum 7. Juli<br \/>2024 + Linie 20, die Ihnen ab dem 31. M\u00e4rz nachgereicht wird<\/p><p style=\"text-align: center;\">\u00a0<\/p><p style=\"text-align: center;\">\u00a0<\/p>\n<\/div>\n<\/div><\/div>\n<\/div>\n<\/div>\n<\/div>\n<\/div>\n<\/div><div class=\"bde-globalblock-1541-174 bde-globalblock\">\n<div class='breakdance'><section class=\"bde-section-779-100-779-1 bde-section bde-section-779-100\">\n  \n\t\n\n\n\n<div class=\"section-container\"><div class=\"bde-div-779-108-779-1 bde-div bde-div-779-108\">\n  \n\t\n\n\n\n<div class=\"bde-columns-779-101-779-1 bde-columns bde-columns-779-101\"><div class=\"bde-column-779-102-779-1 bde-column bde-column-779-102\">\n  \n\t\n\n\n\n<div class=\"bde-div-779-105-779-1 bde-div bde-div-779-105\">\n  \n\t\n\n\n\n<div class=\"bde-text-779-106-779-1 bde-text bde-text-779-106\">\nFRAGEN\n<\/div><div class=\"bde-text-779-107-779-1 bde-text bde-text-779-107\">\noder f\u00fcr weitere Details\n<\/div>\n<\/div>\n<\/div><div class=\"bde-column-779-103-779-1 bde-column bde-column-779-103\">\n  \n\t\n\n\n\n<div class=\"bde-button-779-104-779-1 bde-button bde-button-779-104\">\n    \n                                    \n    \n    \n    \n    \n            \n                    \n            \n            \n\n    \n    \n    \n    \n    \n    <a class=\"breakdance-link button-atom button-atom--primary bde-button__button\" href=\"https:\/\/www.campingcotedeslegendes.com\/de\/kontakt-zugang\/\" target=\"_self\" data-type=\"url\"  >\n\n    \n        <span class=\"button-atom__text\">Uns schreiben<\/span>\n\n        \n        \n                <\/a>\n\n    \n\n\n<\/div>\n<\/div><\/div>\n<\/div><\/div>\n<\/section><\/div>\n<\/div><\/div>\n<\/section><\/div>","protected":false},"excerpt":{"rendered":"<p>Contactez le camping C\u00f4te des L\u00e9gendes : Informations et acc\u00e8s Nous vous remercions pour l\u2019int\u00e9r\u00eat que vous portez \u00e0 notre camping situ\u00e9 \u00e0 Brignogan-plages au c\u0153ur de la c\u00f4te des L\u00e9gendes dans le Finist\u00e8re Nord.Pour toute information concernant votre futur s\u00e9jour au camping de la c\u00f4te des L\u00e9gendes, que ce soit en emplacement de camping [&hellip;]<\/p>","protected":false},"author":1,"featured_media":1638,"parent":0,"menu_order":0,"comment_status":"closed","ping_status":"closed","template":"","meta":{"_acf_changed":false,"_breakdance_hide_in_design_set":false,"_breakdance_tags":"","footnotes":""},"class_list":["post-1541","page","type-page","status-publish","has-post-thumbnail","hentry"],"acf":[],"yoast_head":"<!-- This site is optimized with the Yoast SEO plugin v24.1 - https:\/\/yoast.com\/wordpress\/plugins\/seo\/ -->\n<title>Contact | Venir au Camping C\u00f4te des L\u00e9gendes dans le Finist\u00e8re<\/title>\n<meta name=\"description\" content=\"Vous souhaitez venir au camping C\u00f4te des L\u00e9gendes \u00e0 Brignogan-Plages ? Contactez-nous pour toute question sur vos vacances dans le Finist\u00e8re.\" \/>\n<meta name=\"robots\" content=\"index, follow, max-snippet:-1, max-image-preview:large, max-video-preview:-1\" \/>\n<link rel=\"canonical\" href=\"https:\/\/www.campingcotedeslegendes.com\/de\/kontakt-zugang\/\" \/>\n<meta property=\"og:locale\" content=\"de_DE\" \/>\n<meta property=\"og:type\" content=\"article\" \/>\n<meta property=\"og:title\" content=\"Contact | Venir au Camping C\u00f4te des L\u00e9gendes dans le Finist\u00e8re\" \/>\n<meta property=\"og:description\" content=\"Vous souhaitez venir au camping C\u00f4te des L\u00e9gendes \u00e0 Brignogan-Plages ? Contactez-nous pour toute question sur vos vacances dans le Finist\u00e8re.\" \/>\n<meta property=\"og:url\" content=\"https:\/\/www.campingcotedeslegendes.com\/de\/kontakt-zugang\/\" \/>\n<meta property=\"og:site_name\" content=\"cote-des-legendes\" \/>\n<meta property=\"article:publisher\" content=\"https:\/\/www.facebook.com\/CampingCotedesLegendes\" \/>\n<meta property=\"article:modified_time\" content=\"2024-12-10T15:55:47+00:00\" \/>\n<meta property=\"og:image\" content=\"https:\/\/www.campingcotedeslegendes.com\/wp-content\/uploads\/2024\/10\/camping_cote_de_legendes_chalet_1_chambre_drone-scaled.webp\" \/>\n\t<meta property=\"og:image:width\" content=\"2560\" \/>\n\t<meta property=\"og:image:height\" content=\"1440\" \/>\n\t<meta property=\"og:image:type\" content=\"image\/webp\" \/>\n<meta name=\"twitter:card\" content=\"summary_large_image\" \/>\n<meta name=\"twitter:label1\" content=\"Gesch\u00e4tzte Lesezeit\" \/>\n\t<meta name=\"twitter:data1\" content=\"4\u00a0Minuten\" \/>\n<script type=\"application\/ld+json\" class=\"yoast-schema-graph\">{\"@context\":\"https:\/\/schema.org\",\"@graph\":[{\"@type\":\"WebPage\",\"@id\":\"https:\/\/www.campingcotedeslegendes.com\/de\/kontakt-zugang\/\",\"url\":\"https:\/\/www.campingcotedeslegendes.com\/de\/kontakt-zugang\/\",\"name\":\"Contact | Venir au Camping C\u00f4te des L\u00e9gendes dans le Finist\u00e8re\",\"isPartOf\":{\"@id\":\"https:\/\/www.campingcotedeslegendes.com\/de\/#website\"},\"primaryImageOfPage\":{\"@id\":\"https:\/\/www.campingcotedeslegendes.com\/de\/kontakt-zugang\/#primaryimage\"},\"image\":{\"@id\":\"https:\/\/www.campingcotedeslegendes.com\/de\/kontakt-zugang\/#primaryimage\"},\"thumbnailUrl\":\"https:\/\/www.campingcotedeslegendes.com\/wp-content\/uploads\/2024\/10\/camping_cote_de_legendes_chalet_1_chambre_drone-scaled.webp\",\"datePublished\":\"2024-10-18T10:04:21+00:00\",\"dateModified\":\"2024-12-10T15:55:47+00:00\",\"description\":\"Vous souhaitez venir au camping C\u00f4te des L\u00e9gendes \u00e0 Brignogan-Plages ? Contactez-nous pour toute question sur vos vacances dans le Finist\u00e8re.\",\"breadcrumb\":{\"@id\":\"https:\/\/www.campingcotedeslegendes.com\/de\/kontakt-zugang\/#breadcrumb\"},\"inLanguage\":\"de\",\"potentialAction\":[{\"@type\":\"ReadAction\",\"target\":[\"https:\/\/www.campingcotedeslegendes.com\/de\/kontakt-zugang\/\"]}]},{\"@type\":\"ImageObject\",\"inLanguage\":\"de\",\"@id\":\"https:\/\/www.campingcotedeslegendes.com\/de\/kontakt-zugang\/#primaryimage\",\"url\":\"https:\/\/www.campingcotedeslegendes.com\/wp-content\/uploads\/2024\/10\/camping_cote_de_legendes_chalet_1_chambre_drone-scaled.webp\",\"contentUrl\":\"https:\/\/www.campingcotedeslegendes.com\/wp-content\/uploads\/2024\/10\/camping_cote_de_legendes_chalet_1_chambre_drone-scaled.webp\",\"width\":2560,\"height\":1440},{\"@type\":\"BreadcrumbList\",\"@id\":\"https:\/\/www.campingcotedeslegendes.com\/de\/kontakt-zugang\/#breadcrumb\",\"itemListElement\":[{\"@type\":\"ListItem\",\"position\":1,\"name\":\"Camping \u00e0 Brignogan-Plages\",\"item\":\"https:\/\/www.campingcotedeslegendes.com\/\"},{\"@type\":\"ListItem\",\"position\":2,\"name\":\"Contact & Acc\u00e8s : Plan, itin\u00e9raire\"}]},{\"@type\":\"WebSite\",\"@id\":\"https:\/\/www.campingcotedeslegendes.com\/de\/#website\",\"url\":\"https:\/\/www.campingcotedeslegendes.com\/de\/\",\"name\":\"Camping de la C\u00f4te des L\u00e9gendes\",\"description\":\"\",\"publisher\":{\"@id\":\"https:\/\/www.campingcotedeslegendes.com\/de\/#organization\"},\"potentialAction\":[{\"@type\":\"SearchAction\",\"target\":{\"@type\":\"EntryPoint\",\"urlTemplate\":\"https:\/\/www.campingcotedeslegendes.com\/de\/?s={search_term_string}\"},\"query-input\":{\"@type\":\"PropertyValueSpecification\",\"valueRequired\":true,\"valueName\":\"search_term_string\"}}],\"inLanguage\":\"de\"},{\"@type\":\"Organization\",\"@id\":\"https:\/\/www.campingcotedeslegendes.com\/de\/#organization\",\"name\":\"Camping de la C\u00f4te des L\u00e9gendes\",\"url\":\"https:\/\/www.campingcotedeslegendes.com\/de\/\",\"logo\":{\"@type\":\"ImageObject\",\"inLanguage\":\"de\",\"@id\":\"https:\/\/www.campingcotedeslegendes.com\/de\/#\/schema\/logo\/image\/\",\"url\":\"https:\/\/www.campingcotedeslegendes.com\/wp-content\/uploads\/2024\/06\/logo-header.png\",\"contentUrl\":\"https:\/\/www.campingcotedeslegendes.com\/wp-content\/uploads\/2024\/06\/logo-header.png\",\"width\":209,\"height\":111,\"caption\":\"Camping de la C\u00f4te des L\u00e9gendes\"},\"image\":{\"@id\":\"https:\/\/www.campingcotedeslegendes.com\/de\/#\/schema\/logo\/image\/\"},\"sameAs\":[\"https:\/\/www.facebook.com\/CampingCotedesLegendes\"]}]}<\/script>\n<!-- \/ Yoast SEO plugin. -->","yoast_head_json":{"title":"Contact | Venir au Camping C\u00f4te des L\u00e9gendes dans le Finist\u00e8re","description":"Vous souhaitez venir au camping C\u00f4te des L\u00e9gendes \u00e0 Brignogan-Plages ? Contactez-nous pour toute question sur vos vacances dans le Finist\u00e8re.","robots":{"index":"index","follow":"follow","max-snippet":"max-snippet:-1","max-image-preview":"max-image-preview:large","max-video-preview":"max-video-preview:-1"},"canonical":"https:\/\/www.campingcotedeslegendes.com\/de\/kontakt-zugang\/","og_locale":"de_DE","og_type":"article","og_title":"Contact | Venir au Camping C\u00f4te des L\u00e9gendes dans le Finist\u00e8re","og_description":"Vous souhaitez venir au camping C\u00f4te des L\u00e9gendes \u00e0 Brignogan-Plages ? Contactez-nous pour toute question sur vos vacances dans le Finist\u00e8re.","og_url":"https:\/\/www.campingcotedeslegendes.com\/de\/kontakt-zugang\/","og_site_name":"cote-des-legendes","article_publisher":"https:\/\/www.facebook.com\/CampingCotedesLegendes","article_modified_time":"2024-12-10T15:55:47+00:00","og_image":[{"width":2560,"height":1440,"url":"https:\/\/www.campingcotedeslegendes.com\/wp-content\/uploads\/2024\/10\/camping_cote_de_legendes_chalet_1_chambre_drone-scaled.webp","type":"image\/webp"}],"twitter_card":"summary_large_image","twitter_misc":{"Gesch\u00e4tzte Lesezeit":"4\u00a0Minuten"},"schema":{"@context":"https:\/\/schema.org","@graph":[{"@type":"WebPage","@id":"https:\/\/www.campingcotedeslegendes.com\/de\/kontakt-zugang\/","url":"https:\/\/www.campingcotedeslegendes.com\/de\/kontakt-zugang\/","name":"Contact | Venir au Camping C\u00f4te des L\u00e9gendes dans le Finist\u00e8re","isPartOf":{"@id":"https:\/\/www.campingcotedeslegendes.com\/de\/#website"},"primaryImageOfPage":{"@id":"https:\/\/www.campingcotedeslegendes.com\/de\/kontakt-zugang\/#primaryimage"},"image":{"@id":"https:\/\/www.campingcotedeslegendes.com\/de\/kontakt-zugang\/#primaryimage"},"thumbnailUrl":"https:\/\/www.campingcotedeslegendes.com\/wp-content\/uploads\/2024\/10\/camping_cote_de_legendes_chalet_1_chambre_drone-scaled.webp","datePublished":"2024-10-18T10:04:21+00:00","dateModified":"2024-12-10T15:55:47+00:00","description":"Vous souhaitez venir au camping C\u00f4te des L\u00e9gendes \u00e0 Brignogan-Plages ? Contactez-nous pour toute question sur vos vacances dans le Finist\u00e8re.","breadcrumb":{"@id":"https:\/\/www.campingcotedeslegendes.com\/de\/kontakt-zugang\/#breadcrumb"},"inLanguage":"de","potentialAction":[{"@type":"ReadAction","target":["https:\/\/www.campingcotedeslegendes.com\/de\/kontakt-zugang\/"]}]},{"@type":"ImageObject","inLanguage":"de","@id":"https:\/\/www.campingcotedeslegendes.com\/de\/kontakt-zugang\/#primaryimage","url":"https:\/\/www.campingcotedeslegendes.com\/wp-content\/uploads\/2024\/10\/camping_cote_de_legendes_chalet_1_chambre_drone-scaled.webp","contentUrl":"https:\/\/www.campingcotedeslegendes.com\/wp-content\/uploads\/2024\/10\/camping_cote_de_legendes_chalet_1_chambre_drone-scaled.webp","width":2560,"height":1440},{"@type":"BreadcrumbList","@id":"https:\/\/www.campingcotedeslegendes.com\/de\/kontakt-zugang\/#breadcrumb","itemListElement":[{"@type":"ListItem","position":1,"name":"Camping \u00e0 Brignogan-Plages","item":"https:\/\/www.campingcotedeslegendes.com\/"},{"@type":"ListItem","position":2,"name":"Contact & Acc\u00e8s : Plan, itin\u00e9raire"}]},{"@type":"WebSite","@id":"https:\/\/www.campingcotedeslegendes.com\/de\/#website","url":"https:\/\/www.campingcotedeslegendes.com\/de\/","name":"Camping de la C\u00f4te des L\u00e9gendes","description":"","publisher":{"@id":"https:\/\/www.campingcotedeslegendes.com\/de\/#organization"},"potentialAction":[{"@type":"SearchAction","target":{"@type":"EntryPoint","urlTemplate":"https:\/\/www.campingcotedeslegendes.com\/de\/?s={search_term_string}"},"query-input":{"@type":"PropertyValueSpecification","valueRequired":true,"valueName":"search_term_string"}}],"inLanguage":"de"},{"@type":"Organization","@id":"https:\/\/www.campingcotedeslegendes.com\/de\/#organization","name":"Camping de la C\u00f4te des L\u00e9gendes","url":"https:\/\/www.campingcotedeslegendes.com\/de\/","logo":{"@type":"ImageObject","inLanguage":"de","@id":"https:\/\/www.campingcotedeslegendes.com\/de\/#\/schema\/logo\/image\/","url":"https:\/\/www.campingcotedeslegendes.com\/wp-content\/uploads\/2024\/06\/logo-header.png","contentUrl":"https:\/\/www.campingcotedeslegendes.com\/wp-content\/uploads\/2024\/06\/logo-header.png","width":209,"height":111,"caption":"Camping de la C\u00f4te des L\u00e9gendes"},"image":{"@id":"https:\/\/www.campingcotedeslegendes.com\/de\/#\/schema\/logo\/image\/"},"sameAs":["https:\/\/www.facebook.com\/CampingCotedesLegendes"]}]}},"_links":{"self":[{"href":"https:\/\/www.campingcotedeslegendes.com\/de\/wp-json\/wp\/v2\/pages\/1541","targetHints":{"allow":["GET"]}}],"collection":[{"href":"https:\/\/www.campingcotedeslegendes.com\/de\/wp-json\/wp\/v2\/pages"}],"about":[{"href":"https:\/\/www.campingcotedeslegendes.com\/de\/wp-json\/wp\/v2\/types\/page"}],"author":[{"embeddable":true,"href":"https:\/\/www.campingcotedeslegendes.com\/de\/wp-json\/wp\/v2\/users\/1"}],"replies":[{"embeddable":true,"href":"https:\/\/www.campingcotedeslegendes.com\/de\/wp-json\/wp\/v2\/comments?post=1541"}],"version-history":[{"count":30,"href":"https:\/\/www.campingcotedeslegendes.com\/de\/wp-json\/wp\/v2\/pages\/1541\/revisions"}],"predecessor-version":[{"id":2912,"href":"https:\/\/www.campingcotedeslegendes.com\/de\/wp-json\/wp\/v2\/pages\/1541\/revisions\/2912"}],"wp:featuredmedia":[{"embeddable":true,"href":"https:\/\/www.campingcotedeslegendes.com\/de\/wp-json\/wp\/v2\/media\/1638"}],"wp:attachment":[{"href":"https:\/\/www.campingcotedeslegendes.com\/de\/wp-json\/wp\/v2\/media?parent=1541"}],"curies":[{"name":"wp","href":"https:\/\/api.w.org\/{rel}","templated":true}]}}